{"id":858,"date":"2022-10-16T10:43:10","date_gmt":"2022-10-16T10:43:10","guid":{"rendered":"https:\/\/builty.bslthemes.com\/?page_id=858"},"modified":"2026-01-21T14:26:02","modified_gmt":"2026-01-21T14:26:02","slug":"iletisim","status":"publish","type":"page","link":"https:\/\/santiyedonanimlari.com\/tr\/iletisim\/","title":{"rendered":"\u0130leti\u015fim"},"content":{"rendered":"\t\t<div data-elementor-type=\"wp-page\" data-elementor-id=\"858\" class=\"elementor elementor-858\" data-elementor-post-type=\"page\">\n\t\t\t\t\t\t<section class=\"elementor-section elementor-top-section elementor-element elementor-element-0fbeb3b elementor-section-full_width elementor-section-height-default elementor-section-height-default\" data-id=\"0fbeb3b\" data-element_type=\"section\" data-e-type=\"section\" data-settings=\"{&quot;ekit_has_onepagescroll_dot&quot;:&quot;yes&quot;}\">\n\t\t\t\t\t\t<div class=\"elementor-container elementor-column-gap-default\">\n\t\t\t\t\t<div class=\"elementor-column elementor-col-66 elementor-top-column elementor-element elementor-element-baf75df\" data-id=\"baf75df\" data-element_type=\"column\" data-e-type=\"column\">\n\t\t\t<div class=\"elementor-widget-wrap elementor-element-populated\">\n\t\t\t\t\t\t<section class=\"elementor-section elementor-inner-section elementor-element elementor-element-a8f3c57 elementor-section-full_width elementor-section-height-default elementor-section-height-default\" data-id=\"a8f3c57\" data-element_type=\"section\" data-e-type=\"section\" data-settings=\"{&quot;ekit_has_onepagescroll_dot&quot;:&quot;yes&quot;}\">\n\t\t\t\t\t\t<div class=\"elementor-container elementor-column-gap-no\">\n\t\t\t\t\t<div class=\"elementor-column elementor-col-100 elementor-inner-column elementor-element elementor-element-9eb0117\" data-id=\"9eb0117\" data-element_type=\"column\" data-e-type=\"column\">\n\t\t\t<div class=\"elementor-widget-wrap elementor-element-populated\">\n\t\t\t\t\t\t<div class=\"elementor-element elementor-element-be04a4d elementor-widget elementor-widget-builty-section-heading\" data-id=\"be04a4d\" data-element_type=\"widget\" data-e-type=\"widget\" data-settings=\"{&quot;ekit_we_effect_on&quot;:&quot;none&quot;}\" data-widget_type=\"builty-section-heading.default\">\n\t\t\t\t<div class=\"elementor-widget-container\">\n\t\t\t\t\t\n\t\t\n        <div class=\"heading\">\n                  <span >\n        Size Nas\u0131l Yard\u0131mc\u0131 Olabiliriz?      <\/span>\n                  <h2>\n        <span >\n          Sizin \u0130\u00e7in Buraday\u0131z !\n        <\/span>\n      <\/h2>\n      \t\t\t    <\/div>\n    \n\t\t\n\t\t\t\t\t\t<\/div>\n\t\t\t\t<\/div>\n\t\t\t\t\t<\/div>\n\t\t<\/div>\n\t\t\t\t\t<\/div>\n\t\t<\/section>\n\t\t\t\t<section class=\"elementor-section elementor-inner-section elementor-element elementor-element-5d5a913 elementor-section-full_width contact-form-2 elementor-section-height-default elementor-section-height-default\" data-id=\"5d5a913\" data-element_type=\"section\" data-e-type=\"section\" data-settings=\"{&quot;ekit_has_onepagescroll_dot&quot;:&quot;yes&quot;}\">\n\t\t\t\t\t\t<div class=\"elementor-container elementor-column-gap-no\">\n\t\t\t\t\t<div class=\"elementor-column elementor-col-100 elementor-inner-column elementor-element elementor-element-79cec1d\" data-id=\"79cec1d\" data-element_type=\"column\" data-e-type=\"column\">\n\t\t\t<div class=\"elementor-widget-wrap elementor-element-populated\">\n\t\t\t\t\t\t<div class=\"elementor-element elementor-element-3136669 elementor-widget__width-initial elementor-widget elementor-widget-builty-contact-form\" data-id=\"3136669\" data-element_type=\"widget\" data-e-type=\"widget\" data-settings=\"{&quot;ekit_we_effect_on&quot;:&quot;none&quot;}\" data-widget_type=\"builty-contact-form.default\">\n\t\t\t\t<div class=\"elementor-widget-container\">\n\t\t\t\t\t\n\t\t<div class=\"c-form-2\">\n\t\t\t\t\t\t\n\t\t\t\t\t\t\t\t\t\t\n<div class=\"wpcf7 no-js\" id=\"wpcf7-f7-o1\" lang=\"tr-TR\" dir=\"ltr\" data-wpcf7-id=\"7\">\n<div class=\"screen-reader-response\"><p role=\"status\" aria-live=\"polite\" aria-atomic=\"true\"><\/p> <ul><\/ul><\/div>\n<form action=\"\/tr\/wp-json\/wp\/v2\/pages\/858#wpcf7-f7-o1\" method=\"post\" class=\"wpcf7-form init\" aria-label=\"\u0130leti\u015fim Formu\" novalidate=\"novalidate\" data-status=\"init\">\n<fieldset class=\"hidden-fields-container\"><input type=\"hidden\" name=\"_wpcf7\" value=\"7\" \/><input type=\"hidden\" name=\"_wpcf7_version\" value=\"6.1.4\" \/><input type=\"hidden\" name=\"_wpcf7_locale\" value=\"tr_TR\" \/><input type=\"hidden\" name=\"_wpcf7_unit_tag\" value=\"wpcf7-f7-o1\" \/><input type=\"hidden\" name=\"_wpcf7_container_post\" value=\"0\" \/><input type=\"hidden\" name=\"_wpcf7_posted_data_hash\" value=\"\" \/>\n<\/fieldset>\n<div style=\"display:none!important;\">\n  <span class=\"wpcf7-form-control-wrap\" data-name=\"cf1_additional_info\"><textarea cols=\"40\" rows=\"10\" maxlength=\"2000\" class=\"wpcf7-form-control wpcf7-textarea\" aria-invalid=\"false\" name=\"cf1_additional_info\">None<\/textarea><\/span>\n<\/div>\n\n<div class=\"row\">\n  <div class=\"form-group col-md-6 mb-0\">\n    <label>Ad Soyad<\/label>\n    <span class=\"wpcf7-form-control-wrap\" data-name=\"fullname\"><input size=\"40\" maxlength=\"400\" class=\"wpcf7-form-control wpcf7-text wpcf7-validates-as-required form-control\" aria-required=\"true\" aria-invalid=\"false\" placeholder=\"Ad\u0131n\u0131z Soyad\u0131n\u0131z\" value=\"\" type=\"text\" name=\"fullname\" \/><\/span>\n  <\/div>\n\n  <div class=\"form-group col-md-6 mb-0\">\n    <label>Telefon<\/label>\n    <span class=\"wpcf7-form-control-wrap\" data-name=\"phone\"><input size=\"40\" maxlength=\"400\" class=\"wpcf7-form-control wpcf7-tel wpcf7-validates-as-required wpcf7-text wpcf7-validates-as-tel form-control\" aria-required=\"true\" aria-invalid=\"false\" placeholder=\"Telefon Numaran\u0131z\" value=\"\" type=\"tel\" name=\"phone\" \/><\/span>\n  <\/div>\n<\/div>\n\n<div class=\"row\">\n  <div class=\"form-group col-md-6 mb-0\">\n    <label>E-Posta Adresiniz<\/label>\n    <span class=\"wpcf7-form-control-wrap\" data-name=\"email\"><input size=\"40\" maxlength=\"400\" class=\"wpcf7-form-control wpcf7-email wpcf7-validates-as-required wpcf7-text wpcf7-validates-as-email form-control\" aria-required=\"true\" aria-invalid=\"false\" placeholder=\"E-Posta Adresi\" value=\"\" type=\"email\" name=\"email\" \/><\/span>\n  <\/div>\n<\/div>\n\n<div class=\"row g-0\">\n  <div class=\"form-group m-0\">\n    <span class=\"wpcf7-form-control-wrap\" data-name=\"message\"><textarea cols=\"40\" rows=\"4\" maxlength=\"2000\" class=\"wpcf7-form-control wpcf7-textarea form-control pt-3\" aria-invalid=\"false\" placeholder=\"Sorunuz \/ Mesaj\u0131n\u0131z\" name=\"message\"><\/textarea><\/span>\n  <\/div>\n<\/div>\n\n\n\n<button type=\"submit\" class=\"theme-btn btn-offer text-dark\">\n  G\u00f6nder <i class=\"fa-solid fa-angles-right\"><\/i>\n<\/button><div class=\"wpcf7-response-output\" aria-hidden=\"true\"><\/div>\n<\/form>\n<\/div>\n\t\t\t\t\t\t\t\t\t\t\t<\/div>\n\n\t\t\t\t\t\t<\/div>\n\t\t\t\t<\/div>\n\t\t\t\t\t<\/div>\n\t\t<\/div>\n\t\t\t\t\t<\/div>\n\t\t<\/section>\n\t\t\t\t\t<\/div>\n\t\t<\/div>\n\t\t\t\t<div class=\"elementor-column elementor-col-33 elementor-top-column elementor-element elementor-element-8c17bf1\" data-id=\"8c17bf1\" data-element_type=\"column\" data-e-type=\"column\">\n\t\t\t<div class=\"elementor-widget-wrap elementor-element-populated\">\n\t\t\t\t\t\t<div class=\"elementor-element elementor-element-de87f2c elementor-widget elementor-widget-builty-contact-info-card\" data-id=\"de87f2c\" data-element_type=\"widget\" data-e-type=\"widget\" data-settings=\"{&quot;ekit_we_effect_on&quot;:&quot;none&quot;}\" data-widget_type=\"builty-contact-info-card.default\">\n\t\t\t\t<div class=\"elementor-widget-container\">\n\t\t\t\t\t\n\t\t<div class=\"contact-form-2\">\n\t\t\t\n\t\t\t<div class=\"info\">\n\t\t\t\t\t\t\t\t<ul class=\"contact\">\n\t\t\t\t\t\t\t\t\t\t<li>\n\t\t\t\t\t\t\t\t\t\t\t\t<figure>\n\t\t\t\t\t\t\t<img decoding=\"async\" src=\"https:\/\/santiyedonanimlari.com\/wp-content\/uploads\/2022\/10\/icon-6-2.svg\" alt=\"Adres :\">\n\t\t\t\t\t\t<\/figure>\n\t\t\t\t\t\t\t\t\t\t\t\t\t\t\t\t\t\t<div>\n\t\t\t\t\t\t\t\t\t\t\t\t\t\t<div class=\"h3\">\n\t\t\t\t\t\t\t\t<span >\n\t\t\t\t\t\t\t\t\tAdres :\t\t\t\t\t\t\t\t<\/span>\n\t\t\t\t\t\t\t<\/div>\n\t\t\t\t\t\t\t\t\t\t\t\t\t\t\t\t\t\t\t\t\t<div >\n\t\t\t\t\t\t\t\t<p>IOSB\/ Metal \u0130\u015f Sanayi Sitesi 12 A Blok<br \/>No : 38-40 Posta Kodu : 34306<br \/>Ba\u015fak\u015fehir \/ \u0130stanbul<\/p>\t\t\t\t\t\t\t<\/div>\n\t\t\t\t\t\t\t\t\t\t\t\t\t<\/div>\n\t\t\t\t\t\t\t\t\t\t\t<\/li>\n\t\t\t\t\t\t\t\t\t\t<li>\n\t\t\t\t\t\t\t\t\t\t\t\t<figure>\n\t\t\t\t\t\t\t<img decoding=\"async\" src=\"https:\/\/santiyedonanimlari.com\/wp-content\/uploads\/2022\/10\/icon-7-2.svg\" alt=\"Telefon :\">\n\t\t\t\t\t\t<\/figure>\n\t\t\t\t\t\t\t\t\t\t\t\t\t\t\t\t\t\t<div>\n\t\t\t\t\t\t\t\t\t\t\t\t\t\t<div class=\"h3\">\n\t\t\t\t\t\t\t\t<span >\n\t\t\t\t\t\t\t\t\tTelefon :\t\t\t\t\t\t\t\t<\/span>\n\t\t\t\t\t\t\t<\/div>\n\t\t\t\t\t\t\t\t\t\t\t\t\t\t\t\t\t\t\t\t\t<div >\n\t\t\t\t\t\t\t\t<p>0(553) 191 38 97<\/p><p>0(553) 191 38 97<\/p>\t\t\t\t\t\t\t<\/div>\n\t\t\t\t\t\t\t\t\t\t\t\t\t<\/div>\n\t\t\t\t\t\t\t\t\t\t\t<\/li>\n\t\t\t\t\t\t\t\t\t\t<li>\n\t\t\t\t\t\t\t\t\t\t\t\t<figure>\n\t\t\t\t\t\t\t<img decoding=\"async\" src=\"https:\/\/santiyedonanimlari.com\/wp-content\/uploads\/2022\/10\/icon-8-2.svg\" alt=\"E-Posta :\">\n\t\t\t\t\t\t<\/figure>\n\t\t\t\t\t\t\t\t\t\t\t\t\t\t\t\t\t\t<div>\n\t\t\t\t\t\t\t\t\t\t\t\t\t\t<div class=\"h3\">\n\t\t\t\t\t\t\t\t<span >\n\t\t\t\t\t\t\t\t\tE-Posta :\t\t\t\t\t\t\t\t<\/span>\n\t\t\t\t\t\t\t<\/div>\n\t\t\t\t\t\t\t\t\t\t\t\t\t\t\t\t\t\t\t\t\t<div >\n\t\t\t\t\t\t\t\t<p>talep@bayrakcimetal.com.tr<\/p>\t\t\t\t\t\t\t<\/div>\n\t\t\t\t\t\t\t\t\t\t\t\t\t<\/div>\n\t\t\t\t\t\t\t\t\t\t\t<\/li>\n\t\t\t\t\t\t\t\t\t<\/ul>\n\t\t\t\t\n\t\t\t\t\t\t\t<\/div>\n\n\t\t<\/div>\n\n\t\t\t\t\t\t<\/div>\n\t\t\t\t<\/div>\n\t\t\t\t\t<\/div>\n\t\t<\/div>\n\t\t\t\t\t<\/div>\n\t\t<\/section>\n\t\t\t\t<section class=\"elementor-section elementor-top-section elementor-element elementor-element-17a0774 elementor-section-boxed elementor-section-height-default elementor-section-height-default\" data-id=\"17a0774\" data-element_type=\"section\" data-e-type=\"section\" data-settings=\"{&quot;ekit_has_onepagescroll_dot&quot;:&quot;yes&quot;}\">\n\t\t\t\t\t\t<div class=\"elementor-container elementor-column-gap-no\">\n\t\t\t\t\t<div class=\"elementor-column elementor-col-100 elementor-top-column elementor-element elementor-element-8379315\" data-id=\"8379315\" data-element_type=\"column\" data-e-type=\"column\">\n\t\t\t<div class=\"elementor-widget-wrap elementor-element-populated\">\n\t\t\t\t\t\t<div class=\"elementor-element elementor-element-50fc5d0 elementor-widget elementor-widget-builty-section-heading\" data-id=\"50fc5d0\" data-element_type=\"widget\" data-e-type=\"widget\" data-settings=\"{&quot;ekit_we_effect_on&quot;:&quot;none&quot;}\" data-widget_type=\"builty-section-heading.default\">\n\t\t\t\t<div class=\"elementor-widget-container\">\n\t\t\t\t\t\n\t\t\n        <div class=\"heading\">\n            <figure>\n        <img decoding=\"async\" src=\"https:\/\/santiyedonanimlari.com\/wp-content\/uploads\/2022\/09\/heading-icon.png\" alt=\"heading-icon\">\n      <\/figure>\n                  <span >\n        S\u0131k\u00e7a Sorulan Sorular      <\/span>\n                  <h2>\n        <span >\n          Neden \u015eantiye Donan\u0131mlar\u0131 ?\n\n        <\/span>\n      <\/h2>\n      \t\t\t    <\/div>\n    \n\t\t\n\t\t\t\t\t\t<\/div>\n\t\t\t\t<\/div>\n\t\t\t\t\t<\/div>\n\t\t<\/div>\n\t\t\t\t\t<\/div>\n\t\t<\/section>\n\t\t\t\t<section class=\"elementor-section elementor-top-section elementor-element elementor-element-a1e9f4b contact-faqs elementor-section-boxed elementor-section-height-default elementor-section-height-default\" data-id=\"a1e9f4b\" data-element_type=\"section\" data-e-type=\"section\" data-settings=\"{&quot;ekit_has_onepagescroll_dot&quot;:&quot;yes&quot;}\">\n\t\t\t\t\t\t<div class=\"elementor-container elementor-column-gap-no\">\n\t\t\t\t\t<div class=\"elementor-column elementor-col-100 elementor-top-column elementor-element elementor-element-51dafa0\" data-id=\"51dafa0\" data-element_type=\"column\" data-e-type=\"column\">\n\t\t\t<div class=\"elementor-widget-wrap elementor-element-populated\">\n\t\t\t\t\t\t<div class=\"elementor-element elementor-element-e6db282 elementor-widget elementor-widget-builty-faq\" data-id=\"e6db282\" data-element_type=\"widget\" data-e-type=\"widget\" data-settings=\"{&quot;ekit_we_effect_on&quot;:&quot;none&quot;}\" data-widget_type=\"builty-faq.default\">\n\t\t\t\t<div class=\"elementor-widget-container\">\n\t\t\t\t\t\n\t\t\t\t<div class=\"acc2\">\n\t\t\t<div class=\"accordion\" id=\"accordionExample\">\n\t\t\t\t\t\t\t\t<div class=\"accordion-item\">\n\t\t\t\t\t\t\t\t\t\t<div class=\"intro-title accordion-header\" id=\"heading-1\">\n\t\t\t\t\t\t<button class=\"accordion-button collapsed\" type=\"button\" data-bs-toggle=\"collapse\" data-bs-target=\"#collapse-1\" aria-expanded=\"false\" aria-controls=\"collapse-1\">\n\t\t\t\t\t\t\t<span >\n\t\t\t\t\t\t\t\t01.\nBelgelendirilmi\u015f Kalite\n\t\t\t\t\t\t\t<\/span>\n\t\t\t\t\t\t<\/button>\n\t\t\t\t\t<\/div>\n\t\t\t\t\t\t\t\t\t\t\t\t\t\t\t<div id=\"collapse-1\" class=\"accordion-collapse collapse\" aria-labelledby=\"heading-1\" data-bs-parent=\"#accordionExample\">\n\t\t\t\t\t\t<div class=\"accordion-body\">\n\t\t\t\t\t\t\t<div >\n\t\t\t\t\t\t\t\t<p>CE, ISO ve OHSAS belgeleriyle desteklenen \u00fcretim s\u00fcre\u00e7lerimiz ile uzun \u00f6m\u00fcrl\u00fc ve g\u00fcvenli \u00fcr\u00fcnler sa\u011fl\u0131yoruz.<\/p>\t\t\t\t\t\t\t<\/div>\n\t\t\t\t\t\t<\/div>\n\t\t\t\t\t<\/div>\n\t\t\t\t\t\t\t\t\t<\/div>\n\t\t\t\t\t\t\t\t<div class=\"accordion-item\">\n\t\t\t\t\t\t\t\t\t\t<div class=\"intro-title accordion-header\" id=\"heading-2\">\n\t\t\t\t\t\t<button class=\"accordion-button collapsed\" type=\"button\" data-bs-toggle=\"collapse\" data-bs-target=\"#collapse-2\" aria-expanded=\"false\" aria-controls=\"collapse-2\">\n\t\t\t\t\t\t\t<span >\n\t\t\t\t\t\t\t\t02.\nH\u0131zl\u0131 Teslimat Avantaj\u0131\n\t\t\t\t\t\t\t<\/span>\n\t\t\t\t\t\t<\/button>\n\t\t\t\t\t<\/div>\n\t\t\t\t\t\t\t\t\t\t\t\t\t\t\t<div id=\"collapse-2\" class=\"accordion-collapse collapse\" aria-labelledby=\"heading-2\" data-bs-parent=\"#accordionExample\">\n\t\t\t\t\t\t<div class=\"accordion-body\">\n\t\t\t\t\t\t\t<div >\n\t\t\t\t\t\t\t\t<p>Stoktan teslim veya \u00f6zel \u00fcretim se\u00e7enekleri ile projelerinizi geciktirmeden \u00e7\u00f6z\u00fcm sunuyoruz.<\/p>\t\t\t\t\t\t\t<\/div>\n\t\t\t\t\t\t<\/div>\n\t\t\t\t\t<\/div>\n\t\t\t\t\t\t\t\t\t<\/div>\n\t\t\t\t\t\t\t\t<div class=\"accordion-item\">\n\t\t\t\t\t\t\t\t\t\t<div class=\"intro-title accordion-header\" id=\"heading-3\">\n\t\t\t\t\t\t<button class=\"accordion-button collapsed\" type=\"button\" data-bs-toggle=\"collapse\" data-bs-target=\"#collapse-3\" aria-expanded=\"false\" aria-controls=\"collapse-3\">\n\t\t\t\t\t\t\t<span >\n\t\t\t\t\t\t\t\t03.\nYerli ve Kaliteli \u00dcretim\n\t\t\t\t\t\t\t<\/span>\n\t\t\t\t\t\t<\/button>\n\t\t\t\t\t<\/div>\n\t\t\t\t\t\t\t\t\t\t\t\t\t\t\t<div id=\"collapse-3\" class=\"accordion-collapse collapse\" aria-labelledby=\"heading-3\" data-bs-parent=\"#accordionExample\">\n\t\t\t\t\t\t<div class=\"accordion-body\">\n\t\t\t\t\t\t\t<div >\n\t\t\t\t\t\t\t\t<p>Bayrakc\u0131 Metal %100 yerli \u00fcretim g\u00fcc\u00fcyle Avrupa standartlar\u0131nda dayan\u0131kl\u0131 \u00fcr\u00fcnler \u00fcretmektedir.<\/p>\t\t\t\t\t\t\t<\/div>\n\t\t\t\t\t\t<\/div>\n\t\t\t\t\t<\/div>\n\t\t\t\t\t\t\t\t\t<\/div>\n\t\t\t\t\t\t\t\t<div class=\"accordion-item\">\n\t\t\t\t\t\t\t\t\t\t<div class=\"intro-title accordion-header\" id=\"heading-4\">\n\t\t\t\t\t\t<button class=\"accordion-button collapsed\" type=\"button\" data-bs-toggle=\"collapse\" data-bs-target=\"#collapse-4\" aria-expanded=\"false\" aria-controls=\"collapse-4\">\n\t\t\t\t\t\t\t<span >\n\t\t\t\t\t\t\t\t04.\nM\u00fchendislik Odakl\u0131 Yakla\u015f\u0131m\n\t\t\t\t\t\t\t<\/span>\n\t\t\t\t\t\t<\/button>\n\t\t\t\t\t<\/div>\n\t\t\t\t\t\t\t\t\t\t\t\t\t\t\t<div id=\"collapse-4\" class=\"accordion-collapse collapse\" aria-labelledby=\"heading-4\" data-bs-parent=\"#accordionExample\">\n\t\t\t\t\t\t<div class=\"accordion-body\">\n\t\t\t\t\t\t\t<div >\n\t\t\t\t\t\t\t\t<p>Projelerinize \u00f6zel m\u00fchendislik \u00e7\u00f6z\u00fcmleri ile zaman, maliyet ve g\u00fcvenlik a\u00e7\u0131s\u0131ndan maksimum verim sa\u011fl\u0131yoruz.<\/p>\t\t\t\t\t\t\t<\/div>\n\t\t\t\t\t\t<\/div>\n\t\t\t\t\t<\/div>\n\t\t\t\t\t\t\t\t\t<\/div>\n\t\t\t\t\t\t\t<\/div>\n\t\t<\/div>\n\t\t\n\t\t\t\t\t\t<\/div>\n\t\t\t\t<\/div>\n\t\t\t\t\t<\/div>\n\t\t<\/div>\n\t\t\t\t\t<\/div>\n\t\t<\/section>\n\t\t\t\t<section class=\"elementor-section elementor-top-section elementor-element elementor-element-95c0609 elementor-section-full_width elementor-section-stretched elementor-section-height-default elementor-section-height-default\" data-id=\"95c0609\" data-element_type=\"section\" data-e-type=\"section\" data-settings=\"{&quot;stretch_section&quot;:&quot;section-stretched&quot;,&quot;ekit_has_onepagescroll_dot&quot;:&quot;yes&quot;}\">\n\t\t\t\t\t\t<div class=\"elementor-container elementor-column-gap-no\">\n\t\t\t\t\t<div class=\"elementor-column elementor-col-100 elementor-top-column elementor-element elementor-element-6e8e51e\" data-id=\"6e8e51e\" data-element_type=\"column\" data-e-type=\"column\">\n\t\t\t<div class=\"elementor-widget-wrap elementor-element-populated\">\n\t\t\t\t\t\t<div class=\"elementor-element elementor-element-c7e602f elementor-widget elementor-widget-google_maps\" data-id=\"c7e602f\" data-element_type=\"widget\" data-e-type=\"widget\" data-settings=\"{&quot;ekit_we_effect_on&quot;:&quot;none&quot;}\" data-widget_type=\"google_maps.default\">\n\t\t\t\t\t\t\t<div class=\"elementor-custom-embed\">\n\t\t\t<iframe loading=\"lazy\"\n\t\t\t\t\tsrc=\"https:\/\/maps.google.com\/maps?q=%22Bayrakc%C4%B1%20Metal%22&#038;t=m&#038;z=10&#038;output=embed&#038;iwloc=near\"\n\t\t\t\t\ttitle=\"&quot;Bayrakc\u0131 Metal&quot;\"\n\t\t\t\t\taria-label=\"&quot;Bayrakc\u0131 Metal&quot;\"\n\t\t\t><\/iframe>\n\t\t<\/div>\n\t\t\t\t\t\t<\/div>\n\t\t\t\t\t<\/div>\n\t\t<\/div>\n\t\t\t\t\t<\/div>\n\t\t<\/section>\n\t\t\t\t<\/div>\n\t\t","protected":false},"excerpt":{"rendered":"<p>Size Nas\u0131l Yard\u0131mc\u0131 Olabiliriz? Sizin \u0130\u00e7in Buraday\u0131z ! None Ad Soyad Telefon E-Posta Adresiniz G\u00f6nder Adres : IOSB\/ Metal \u0130\u015f.. <span class=\"read-more\"><a href=\"https:\/\/santiyedonanimlari.com\/tr\/iletisim\/\" class=\"theme-btn\"><span>Read more<\/span><i class=\"fas fa-angle-double-right\"><\/i><\/a><\/span><\/p>\n","protected":false},"author":1,"featured_media":0,"parent":0,"menu_order":0,"comment_status":"closed","ping_status":"closed","template":"","meta":{"_acf_changed":false,"inline_featured_image":false,"slim_seo":{"title":"\u0130leti\u015fim - G\u00fcvenli ve Dayan\u0131kl\u0131 \u015eantiye Ekipmanlar\u0131 | \u015eantiye Donan\u0131mlar\u0131","description":"Size Nas\u0131l Yard\u0131mc\u0131 Olabiliriz? Sizin \u0130\u00e7in Buraday\u0131z ! None Ad Soyad Telefon E-Posta Adresiniz G\u00f6nder Adres : IOSB\/ Metal \u0130\u015f Sanayi Sitesi 12 A Blok No : 38-40"},"footnotes":""},"class_list":["post-858","page","type-page","status-publish","hentry"],"acf":[],"_hostinger_reach_plugin_has_subscription_block":false,"_hostinger_reach_plugin_is_elementor":false,"_links":{"self":[{"href":"https:\/\/santiyedonanimlari.com\/tr\/wp-json\/wp\/v2\/pages\/858","targetHints":{"allow":["GET"]}}],"collection":[{"href":"https:\/\/santiyedonanimlari.com\/tr\/wp-json\/wp\/v2\/pages"}],"about":[{"href":"https:\/\/santiyedonanimlari.com\/tr\/wp-json\/wp\/v2\/types\/page"}],"author":[{"embeddable":true,"href":"https:\/\/santiyedonanimlari.com\/tr\/wp-json\/wp\/v2\/users\/1"}],"replies":[{"embeddable":true,"href":"https:\/\/santiyedonanimlari.com\/tr\/wp-json\/wp\/v2\/comments?post=858"}],"version-history":[{"count":0,"href":"https:\/\/santiyedonanimlari.com\/tr\/wp-json\/wp\/v2\/pages\/858\/revisions"}],"wp:attachment":[{"href":"https:\/\/santiyedonanimlari.com\/tr\/wp-json\/wp\/v2\/media?parent=858"}],"curies":[{"name":"wp","href":"https:\/\/api.w.org\/{rel}","templated":true}]}}