{"id":2904,"date":"2026-01-06T20:48:26","date_gmt":"2026-01-06T20:48:26","guid":{"rendered":"https:\/\/santiyedonanimlari.com\/?page_id=2904"},"modified":"2026-01-16T21:32:09","modified_gmt":"2026-01-16T21:32:09","slug":"insan-kaynaklari","status":"publish","type":"page","link":"https:\/\/santiyedonanimlari.com\/tr\/insan-kaynaklari\/","title":{"rendered":"\u0130nsan Kaynaklar\u0131"},"content":{"rendered":"\t\t<div data-elementor-type=\"wp-page\" data-elementor-id=\"2904\" class=\"elementor elementor-2904\" data-elementor-post-type=\"page\">\n\t\t\t\t\t\t<section class=\"elementor-section elementor-top-section elementor-element elementor-element-38cd8b88 elementor-section-full_width contact-form-one elementor-section-height-default elementor-section-height-default\" data-id=\"38cd8b88\" data-element_type=\"section\" data-e-type=\"section\" data-settings=\"{&quot;ekit_has_onepagescroll_dot&quot;:&quot;yes&quot;}\">\n\t\t\t\t\t\t<div class=\"elementor-container elementor-column-gap-no\">\n\t\t\t\t\t<div class=\"elementor-column elementor-col-100 elementor-top-column elementor-element elementor-element-3b56a9c\" data-id=\"3b56a9c\" data-element_type=\"column\" data-e-type=\"column\">\n\t\t\t<div class=\"elementor-widget-wrap elementor-element-populated\">\n\t\t\t\t\t\t<section class=\"elementor-section elementor-inner-section elementor-element elementor-element-387ab838 elementor-section-full_width elementor-section-height-default elementor-section-height-default\" data-id=\"387ab838\" data-element_type=\"section\" data-e-type=\"section\" data-settings=\"{&quot;ekit_has_onepagescroll_dot&quot;:&quot;yes&quot;}\">\n\t\t\t\t\t\t<div class=\"elementor-container elementor-column-gap-no\">\n\t\t\t\t\t<div class=\"elementor-column elementor-col-100 elementor-inner-column elementor-element elementor-element-7cd98207\" data-id=\"7cd98207\" data-element_type=\"column\" data-e-type=\"column\">\n\t\t\t<div class=\"elementor-widget-wrap elementor-element-populated\">\n\t\t\t\t\t\t<div class=\"elementor-element elementor-element-53fb4ae4 elementor-widget__width-auto elementor-widget elementor-widget-builty-section-heading\" data-id=\"53fb4ae4\" data-element_type=\"widget\" data-e-type=\"widget\" data-settings=\"{&quot;ekit_we_effect_on&quot;:&quot;none&quot;}\" data-widget_type=\"builty-section-heading.default\">\n\t\t\t\t<div class=\"elementor-widget-container\">\n\t\t\t\t\t\n\t\t\n        <div class=\"heading\">\n            <figure>\n        <img decoding=\"async\" src=\"https:\/\/santiyedonanimlari.com\/wp-content\/uploads\/2022\/09\/heading-icon-1.png\" alt=\"heading-icon\">\n      <\/figure>\n                  <span >\n        Kariyer F\u0131rsatlar\u0131      <\/span>\n                  <h2>\n        <span >\n          Aram\u0131za Kat\u0131lmak \u0130ster misiniz?\n        <\/span>\n      <\/h2>\n      \t\t\t\t\t\t<div >\n\t\t\t\t<p>\u015eantiye Donan\u0131mlar\u0131 olarak yenilik\u00e7i ve dinamik bir \u00e7al\u0131\u015fma ortam\u0131nda profesyonel geli\u015fiminize katk\u0131 sa\u011flayacak f\u0131rsatlar sunuyoruz.<\/p><p>\u015eantiye donan\u0131mlar\u0131 sekt\u00f6r\u00fcnde lider konumda olan firmam\u0131z, s\u00fcrekli b\u00fcy\u00fcyen ekibine kat\u0131lmak isteyen, alan\u0131nda uzman ve geli\u015fime a\u00e7\u0131k profesyonelleri ar\u0131yor.<\/p>\t\t\t<\/div>\n\t\t\t    <\/div>\n    \n\t\t\n\t\t\t\t\t\t<\/div>\n\t\t\t\t<\/div>\n\t\t\t\t\t<\/div>\n\t\t<\/div>\n\t\t\t\t\t<\/div>\n\t\t<\/section>\n\t\t\t\t<section class=\"elementor-section elementor-inner-section elementor-element elementor-element-49c65537 elementor-section-full_width elementor-section-height-default elementor-section-height-default\" data-id=\"49c65537\" data-element_type=\"section\" data-e-type=\"section\" data-settings=\"{&quot;ekit_has_onepagescroll_dot&quot;:&quot;yes&quot;}\">\n\t\t\t\t\t\t<div class=\"elementor-container elementor-column-gap-default\">\n\t\t\t\t\t<div class=\"elementor-column elementor-col-50 elementor-inner-column elementor-element elementor-element-72070aad\" data-id=\"72070aad\" data-element_type=\"column\" data-e-type=\"column\">\n\t\t\t<div class=\"elementor-widget-wrap elementor-element-populated\">\n\t\t\t\t\t\t<div class=\"elementor-element elementor-element-2a410183 elementor-widget elementor-widget-builty-faq\" data-id=\"2a410183\" data-element_type=\"widget\" data-e-type=\"widget\" data-settings=\"{&quot;ekit_we_effect_on&quot;:&quot;none&quot;}\" data-widget_type=\"builty-faq.default\">\n\t\t\t\t<div class=\"elementor-widget-container\">\n\t\t\t\t\t\n\t\t\t\t<div class=\"acc2\">\n\t\t\t<div class=\"accordion\" id=\"accordionExample\">\n\t\t\t\t\t\t\t\t<div class=\"accordion-item\">\n\t\t\t\t\t\t\t\t\t\t<div class=\"intro-title accordion-header\" id=\"heading-1\">\n\t\t\t\t\t\t<button class=\"accordion-button\" type=\"button\" data-bs-toggle=\"collapse\" data-bs-target=\"#collapse-1\" aria-expanded=\"false\" aria-controls=\"collapse-1\">\n\t\t\t\t\t\t\t<span >\n\t\t\t\t\t\t\t\tKariyer \u0130mkanlar\u0131\n\t\t\t\t\t\t\t<\/span>\n\t\t\t\t\t\t<\/button>\n\t\t\t\t\t<\/div>\n\t\t\t\t\t\t\t\t\t\t\t\t\t\t\t<div id=\"collapse-1\" class=\"accordion-collapse collapse show\" aria-labelledby=\"heading-1\" data-bs-parent=\"#accordionExample\">\n\t\t\t\t\t\t<div class=\"accordion-body\">\n\t\t\t\t\t\t\t<div >\n\t\t\t\t\t\t\t\t<p>\u2022 Profesyonel geli\u015fim f\u0131rsatlar\u0131<br \/>\u2022 S\u00fcrekli e\u011fitim programlar\u0131<br \/>\u2022 Dinamik \u00e7al\u0131\u015fma ortam\u0131<br \/>\u2022 Rekabet\u00e7i \u00fccret politikas\u0131<\/p>\t\t\t\t\t\t\t<\/div>\n\t\t\t\t\t\t<\/div>\n\t\t\t\t\t<\/div>\n\t\t\t\t\t\t\t\t\t<\/div>\n\t\t\t\t\t\t\t\t<div class=\"accordion-item\">\n\t\t\t\t\t\t\t\t\t\t<div class=\"intro-title accordion-header\" id=\"heading-2\">\n\t\t\t\t\t\t<button class=\"accordion-button collapsed\" type=\"button\" data-bs-toggle=\"collapse\" data-bs-target=\"#collapse-2\" aria-expanded=\"false\" aria-controls=\"collapse-2\">\n\t\t\t\t\t\t\t<span >\n\t\t\t\t\t\t\t\tBa\u015fvuru S\u00fcreci\n\t\t\t\t\t\t\t<\/span>\n\t\t\t\t\t\t<\/button>\n\t\t\t\t\t<\/div>\n\t\t\t\t\t\t\t\t\t\t\t\t\t\t\t<div id=\"collapse-2\" class=\"accordion-collapse collapse\" aria-labelledby=\"heading-2\" data-bs-parent=\"#accordionExample\">\n\t\t\t\t\t\t<div class=\"accordion-body\">\n\t\t\t\t\t\t\t<div >\n\t\t\t\t\t\t\t\t<p>\u2022 CV de\u011ferlendirmesi<br \/>\u2022 Telefon g\u00f6r\u00fc\u015fmesi<br \/>\u2022 Y\u00fcz y\u00fcze m\u00fclakat<br \/>\u2022 Teklif s\u00fcreci<\/p>\t\t\t\t\t\t\t<\/div>\n\t\t\t\t\t\t<\/div>\n\t\t\t\t\t<\/div>\n\t\t\t\t\t\t\t\t\t<\/div>\n\t\t\t\t\t\t\t<\/div>\n\t\t<\/div>\n\t\t\n\t\t\t\t\t\t<\/div>\n\t\t\t\t<\/div>\n\t\t\t\t\t<\/div>\n\t\t<\/div>\n\t\t\t\t<div class=\"elementor-column elementor-col-50 elementor-inner-column elementor-element elementor-element-1642c22\" data-id=\"1642c22\" data-element_type=\"column\" data-e-type=\"column\" data-settings=\"{&quot;background_background&quot;:&quot;classic&quot;}\">\n\t\t\t<div class=\"elementor-widget-wrap elementor-element-populated\">\n\t\t\t\t\t<div class=\"elementor-background-overlay\"><\/div>\n\t\t\t\t\t\t<div class=\"elementor-element elementor-element-32107f2b elementor-widget elementor-widget-builty-contact-form\" data-id=\"32107f2b\" data-element_type=\"widget\" data-e-type=\"widget\" data-settings=\"{&quot;ekit_we_effect_on&quot;:&quot;none&quot;}\" data-widget_type=\"builty-contact-form.default\">\n\t\t\t\t<div class=\"elementor-widget-container\">\n\t\t\t\t\t\n\t\t<div class=\"c-form-2\">\n\t\t\t\t\t\t\n\t\t\t\t\t\t\t\t\t\t\n<div class=\"wpcf7 no-js\" id=\"wpcf7-f1907-o1\" lang=\"en-US\" dir=\"ltr\" data-wpcf7-id=\"1907\">\n<div class=\"screen-reader-response\"><p role=\"status\" aria-live=\"polite\" aria-atomic=\"true\"><\/p> <ul><\/ul><\/div>\n<form action=\"\/tr\/wp-json\/wp\/v2\/pages\/2904#wpcf7-f1907-o1\" method=\"post\" class=\"wpcf7-form init\" aria-label=\"Contact form\" enctype=\"multipart\/form-data\" novalidate=\"novalidate\" data-status=\"init\">\n<fieldset class=\"hidden-fields-container\"><input type=\"hidden\" name=\"_wpcf7\" value=\"1907\" \/><input type=\"hidden\" name=\"_wpcf7_version\" value=\"6.1.4\" \/><input type=\"hidden\" name=\"_wpcf7_locale\" value=\"en_US\" \/><input type=\"hidden\" name=\"_wpcf7_unit_tag\" value=\"wpcf7-f1907-o1\" \/><input type=\"hidden\" name=\"_wpcf7_container_post\" value=\"0\" \/><input type=\"hidden\" name=\"_wpcf7_posted_data_hash\" value=\"\" \/>\n<\/fieldset>\n<h3 class=\"my-1 text-white\">Ba\u015fvuru Formu<\/h3>\n<p class=\"mt-0 text-white\">Ekibimize kat\u0131lmak i\u00e7in l\u00fctfen a\u015fa\u011f\u0131daki formu doldurunuz.<\/p>\n\n\n<div class=\"row\">\n  <div class=\"form-group col-md-6 mb-0\">\n    <label>Ad Soyad<\/label>\n    <span class=\"wpcf7-form-control-wrap\" data-name=\"fullname\"><input size=\"40\" maxlength=\"400\" class=\"wpcf7-form-control wpcf7-text wpcf7-validates-as-required form-control\" aria-required=\"true\" aria-invalid=\"false\" placeholder=\"Ad\u0131n\u0131z Soyad\u0131n\u0131z\" value=\"\" type=\"text\" name=\"fullname\" \/><\/span>\n  <\/div>\n\n  <div class=\"form-group col-md-6 mb-0\">\n    <label>Telefon<\/label>\n    <span class=\"wpcf7-form-control-wrap\" data-name=\"phone\"><input size=\"40\" maxlength=\"400\" class=\"wpcf7-form-control wpcf7-tel wpcf7-validates-as-required wpcf7-text wpcf7-validates-as-tel form-control\" aria-required=\"true\" aria-invalid=\"false\" placeholder=\"Telefon Numaran\u0131z\" value=\"\" type=\"tel\" name=\"phone\" \/><\/span>\n  <\/div>\n<\/div>\n\n<div class=\"row\">\n  <div class=\"form-group col-md-6 mb-0\">\n    <label>E-Posta Adresiniz<\/label>\n    <span class=\"wpcf7-form-control-wrap\" data-name=\"email\"><input size=\"40\" maxlength=\"400\" class=\"wpcf7-form-control wpcf7-email wpcf7-validates-as-required wpcf7-text wpcf7-validates-as-email form-control\" aria-required=\"true\" aria-invalid=\"false\" placeholder=\"E-Posta Adresi\" value=\"\" type=\"email\" name=\"email\" \/><\/span>\n  <\/div>\n\n<div class=\"form-group col-md-6 mb-0\">\n    <label>Ba\u015fvurulan Pozisyon<\/label>\n    <span class=\"wpcf7-form-control-wrap\" data-name=\"position\"><input size=\"40\" maxlength=\"400\" class=\"wpcf7-form-control wpcf7-text wpcf7-validates-as-required form-control\" aria-required=\"true\" aria-invalid=\"false\" placeholder=\"Ba\u015fvurulan Pozisyon\" value=\"\" type=\"text\" name=\"position\" \/><\/span>\n  <\/div>\n<\/div>\n\n<div class=\"row g-0\">\n  <div class=\"form-group mb-0\">\n    <label>Deneyimler \/ Ek Bilgiler<\/label>\n    <span class=\"wpcf7-form-control-wrap\" data-name=\"message\"><textarea cols=\"40\" rows=\"4\" maxlength=\"2000\" class=\"wpcf7-form-control wpcf7-textarea form-control pt-3\" aria-invalid=\"false\" placeholder=\"Deneyimler \/ Ek Bilgiler\" name=\"message\"><\/textarea><\/span>\n  <\/div>\n<\/div>\n\n<div class=\"row g-0\">\n  <div class=\"form-group mb-0\">\n    <label class=\"d-flex justify-content-between\">\n      <span>CV G\u00f6nder<\/span>\n      <small class=\"text-danger\">( .PDF veya .DOC )<\/small>\n    <\/label>\n    <span class=\"wpcf7-form-control-wrap\" data-name=\"resume\"><input size=\"40\" class=\"wpcf7-form-control wpcf7-file wpcf7-validates-as-required form-control\" accept=\".pdf,.doc,.docx\" aria-required=\"true\" aria-invalid=\"false\" type=\"file\" name=\"resume\" \/><\/span>\n  <\/div>\n<\/div>\n\n<button type=\"submit\" class=\"theme-btn btn-human text-dark\">\n  Ba\u015fvuru G\u00f6nder <i class=\"fa-solid fa-angles-right\"><\/i>\n<\/button><div class=\"wpcf7-response-output\" aria-hidden=\"true\"><\/div>\n<\/form>\n<\/div>\n\t\t\t\t\t\t\t\t\t\t\t<\/div>\n\n\t\t\t\t\t\t<\/div>\n\t\t\t\t<\/div>\n\t\t\t\t\t<\/div>\n\t\t<\/div>\n\t\t\t\t\t<\/div>\n\t\t<\/section>\n\t\t\t\t\t<\/div>\n\t\t<\/div>\n\t\t\t\t\t<\/div>\n\t\t<\/section>\n\t\t\t\t<\/div>\n\t\t","protected":false},"excerpt":{"rendered":"<p>Kariyer F\u0131rsatlar\u0131 Aram\u0131za Kat\u0131lmak \u0130ster misiniz? \u015eantiye Donan\u0131mlar\u0131 olarak yenilik\u00e7i ve dinamik bir \u00e7al\u0131\u015fma ortam\u0131nda profesyonel geli\u015fiminize katk\u0131 sa\u011flayacak f\u0131rsatlar.. <span class=\"read-more\"><a href=\"https:\/\/santiyedonanimlari.com\/tr\/insan-kaynaklari\/\" class=\"theme-btn\"><span>Read more<\/span><i class=\"fas fa-angle-double-right\"><\/i><\/a><\/span><\/p>\n","protected":false},"author":1,"featured_media":0,"parent":0,"menu_order":0,"comment_status":"closed","ping_status":"closed","template":"","meta":{"_acf_changed":false,"inline_featured_image":false,"slim_seo":{"title":"\u0130nsan Kaynaklar\u0131 - G\u00fcvenli ve Dayan\u0131kl\u0131 \u015eantiye Ekipmanlar\u0131 | \u015eantiye Donan\u0131mlar\u0131","description":"Kariyer F\u0131rsatlar\u0131 Aram\u0131za Kat\u0131lmak \u0130ster misiniz? \u015eantiye Donan\u0131mlar\u0131 olarak yenilik\u00e7i ve dinamik bir \u00e7al\u0131\u015fma ortam\u0131nda profesyonel geli\u015fiminize katk\u0131 sa\u011flayac"},"footnotes":""},"class_list":["post-2904","page","type-page","status-publish","hentry"],"acf":[],"_hostinger_reach_plugin_has_subscription_block":false,"_hostinger_reach_plugin_is_elementor":false,"_links":{"self":[{"href":"https:\/\/santiyedonanimlari.com\/tr\/wp-json\/wp\/v2\/pages\/2904","targetHints":{"allow":["GET"]}}],"collection":[{"href":"https:\/\/santiyedonanimlari.com\/tr\/wp-json\/wp\/v2\/pages"}],"about":[{"href":"https:\/\/santiyedonanimlari.com\/tr\/wp-json\/wp\/v2\/types\/page"}],"author":[{"embeddable":true,"href":"https:\/\/santiyedonanimlari.com\/tr\/wp-json\/wp\/v2\/users\/1"}],"replies":[{"embeddable":true,"href":"https:\/\/santiyedonanimlari.com\/tr\/wp-json\/wp\/v2\/comments?post=2904"}],"version-history":[{"count":0,"href":"https:\/\/santiyedonanimlari.com\/tr\/wp-json\/wp\/v2\/pages\/2904\/revisions"}],"wp:attachment":[{"href":"https:\/\/santiyedonanimlari.com\/tr\/wp-json\/wp\/v2\/media?parent=2904"}],"curies":[{"name":"wp","href":"https:\/\/api.w.org\/{rel}","templated":true}]}}