{"id":2885,"date":"2026-01-06T20:46:32","date_gmt":"2026-01-06T20:46:32","guid":{"rendered":"https:\/\/santiyedonanimlari.com\/?page_id=2885"},"modified":"2026-01-20T14:53:10","modified_gmt":"2026-01-20T14:53:10","slug":"musteri-memnuniyeti-sikayet","status":"publish","type":"page","link":"https:\/\/santiyedonanimlari.com\/tr\/musteri-memnuniyeti-sikayet\/","title":{"rendered":"M\u00fc\u015fteri Memnuniyeti &#038; \u015eikayet"},"content":{"rendered":"\t\t<div data-elementor-type=\"wp-page\" data-elementor-id=\"2885\" class=\"elementor elementor-2885\" data-elementor-post-type=\"page\">\n\t\t\t\t\t\t<section class=\"elementor-section elementor-top-section elementor-element elementor-element-5dcfe907 elementor-section-full_width elementor-section-stretched elementor-section-height-default elementor-section-height-default\" data-id=\"5dcfe907\" data-element_type=\"section\" data-e-type=\"section\" data-settings=\"{&quot;stretch_section&quot;:&quot;section-stretched&quot;,&quot;ekit_has_onepagescroll_dot&quot;:&quot;yes&quot;}\">\n\t\t\t\t\t\t<div class=\"elementor-container elementor-column-gap-default\">\n\t\t\t\t\t<div class=\"elementor-column elementor-col-100 elementor-top-column elementor-element elementor-element-64ad2ee8\" data-id=\"64ad2ee8\" data-element_type=\"column\" data-e-type=\"column\">\n\t\t\t<div class=\"elementor-widget-wrap elementor-element-populated\">\n\t\t\t\t\t\t<div class=\"elementor-element elementor-element-1813a9a0 elementor-widget elementor-widget-builty-about-us\" data-id=\"1813a9a0\" data-element_type=\"widget\" data-e-type=\"widget\" data-settings=\"{&quot;ekit_we_effect_on&quot;:&quot;none&quot;}\" data-widget_type=\"builty-about-us.default\">\n\t\t\t\t<div class=\"elementor-widget-container\">\n\t\t\t\t\t\n\t\t<!-- About Style One Start -->\n\t  <section class=\"gap no-top about-style-one\">\n\t    <div class=\"container\">\n\t      <div class=\"row\">\n\t        <div class=\"col-lg-6\" >\n\t          <div class=\"about-data-left\">\n\t\t\t\t\t\t\t\t            <figure>\n\t              <img decoding=\"async\" src=\"https:\/\/santiyedonanimlari.com\/wp-content\/uploads\/2026\/01\/celik-kesme-makinasi.webp\" alt=\"Bayrakc\u0131 \u0130n\u015faat Metal San. Tic. Ltd. \u015eti.\">\n\t            <\/figure>\n\t\t\t\t\t\t\t\t\t\t\t\t\t\t\t            <figure class=\"about-image\">\n\t              <img decoding=\"async\" src=\"https:\/\/santiyedonanimlari.com\/wp-content\/uploads\/2026\/01\/bayrakci-metal-hakkimizda-2.webp\" alt=\"Bayrakc\u0131 \u0130n\u015faat Metal San. Tic. Ltd. \u015eti.\">\n\t            <\/figure>\n\t\t\t\t\t\t\t\t          <\/div>\n\t        <\/div>\n\t        <div class=\"col-lg-6\" >\n\t          <div class=\"about-data-right\">\n\t\t\t\t\t\t\t\t\t\t\t\t\t\t<span >\n\t\t\t\t\t\t\t\tBayrakc\u0131 \u0130n\u015faat Metal San. Tic. Ltd. \u015eti.\t\t\t\t\t\t\t<\/span>\n\t\t\t\t\t\t\t\t\t\t\t\t\t\t\t            <h2>\n\t\t\t\t\t\t\t\t<span >\n\t\t\t\t\t\t\t\t\tM\u00fc\u015fteri Memnuniyeti &amp; \u015eikayet Y\u00f6netimi\n\t\t\t\t\t\t\t\t<\/span>\n\t\t\t\t\t\t\t<\/h2>\n\t\t\t\t\t\t\t\t            <div class=\"about-info\">\n\t\t\t\t\t\t\t\t\t\t\t\t\t\t\t\t<div >\n\t        \t\t\t  <p>M\u00fc\u015fteri odakl\u0131 firmam\u0131z, m\u00fc\u015fteri \u015fik\u00e2yetlerini inceleyerek, m\u00fc\u015fterilerden gelen olumlu veya olumsuz her t\u00fcrl\u00fc geri d\u00f6n\u00fc\u015f\u00fc \"iyile\u015ftirme f\u0131rsat\u0131\" olarak g\u00f6rmektedir.<\/p><p>ISO 9001:2015 kalite y\u00f6netim sistemi belgesi sahibi olan Bayrakc\u0131 Metal, m\u00fc\u015fterilerimizin \u015fik\u00e2yet ve geri bildirimlerini dikkate alarak \u00e7e\u015fitli de\u011ferlendirmeler yapmaktad\u0131r.<\/p><p>M\u00fc\u015fteri \u015fik\u00e2yetlerini hem \u00fcr\u00fcn hem de hizmet kalitesini art\u0131rmak i\u00e7in de\u011ferlendirmekteyiz. Amac\u0131m\u0131z, m\u00fc\u015fteri memnuniyetini en \u00fcst seviyede tutmak ve s\u00fcrekli iyile\u015ftirme yakla\u015f\u0131m\u0131yla hizmet kalitemizi geli\u015ftirmektir.<\/p>\t        \t\t\t<\/div>\n\t\t\t\t\t\t\t\t\t\t\t\t\t\t\t\t\t\t\t\t\t\t\t\t\t\t\t\t\t\t\t\t\t            <\/div>\n\t          <\/div>\n\t        <\/div>\n\t      <\/div>\n\t    <\/div>\n\t  <\/section>\n\t  <!-- About Style One End -->\n\n\t\t\t\t\t\t<\/div>\n\t\t\t\t<\/div>\n\t\t\t\t\t<\/div>\n\t\t<\/div>\n\t\t\t\t\t<\/div>\n\t\t<\/section>\n\t\t\t\t<section class=\"elementor-section elementor-top-section elementor-element elementor-element-185d9bcf elementor-section-full_width elementor-section-stretched elementor-section-height-default elementor-section-height-default\" data-id=\"185d9bcf\" data-element_type=\"section\" data-e-type=\"section\" data-settings=\"{&quot;stretch_section&quot;:&quot;section-stretched&quot;,&quot;ekit_has_onepagescroll_dot&quot;:&quot;yes&quot;}\">\n\t\t\t\t\t\t<div class=\"elementor-container elementor-column-gap-default\">\n\t\t\t\t\t<div class=\"elementor-column elementor-col-100 elementor-top-column elementor-element elementor-element-605a5d55\" data-id=\"605a5d55\" data-element_type=\"column\" data-e-type=\"column\">\n\t\t\t<div class=\"elementor-widget-wrap elementor-element-populated\">\n\t\t\t\t\t\t<div class=\"elementor-element elementor-element-0ac7d35 elementor-widget elementor-widget-builty-services-grid\" data-id=\"0ac7d35\" data-element_type=\"widget\" data-e-type=\"widget\" data-settings=\"{&quot;ekit_we_effect_on&quot;:&quot;none&quot;}\" data-widget_type=\"builty-services-grid.default\">\n\t\t\t\t<div class=\"elementor-widget-container\">\n\t\t\t\t\t\n\t\t\n\t\t<!-- Service Style One Start -->\n\t\t<section class=\"gap service-style-one\">\n\t\t\t\t\t\t<div class=\"heading\">\n\t\t\t\t\t\t\t\t<figure>\n\t\t\t\t\t<img decoding=\"async\" src=\"https:\/\/santiyedonanimlari.com\/wp-content\/uploads\/2022\/09\/heading-icon-1.png\" alt=\"heading-icon\">\n\t\t\t\t<\/figure>\n\t\t\t\t\t\t\t\t\t\t\t\t<span >\n\t\t\t\t\tS\u00fcre\u00e7 Y\u00f6netimi\t\t\t\t<\/span>\n\t\t\t\t\t\t\t\t\t\t\t\t<h2>\n\t\t\t\t\t<span >\n\t\t\t\t\t\t\u015eikayet De\u011ferlendirme S\u00fcrecimiz\t\t\t\t\t<\/span>\n\t\t\t\t<\/h2>\n\t\t\t\t\t\t\t<\/div>\n\t\t\t\n\t\t\t<div class=\"container\">\n\t\t\t\t\t\t\t\t<div class=\"row\">\n\t\t\t\t\t\t\t\t\t\t<div class=\"col-lg-3 col-md-6 col-sm-12 text-center\">\n\t\t\t\t\t\t<div class=\"service-data\">\n\t\t\t\t\t\t\t\t\t\t\t\t\t\t\t\t\t\t\t\t\t<div class=\"svg-icon d-flex-all\">\n\t\t\t\t\t\t\t\t\t\t\t\t\t\t\t\t<a href=\"\/iletisim\">\n\t\t\t\t\t\t\t\t\t\t\t\t\t\t\t\t\t\t\t\t\t\t\t\t\t\t<img decoding=\"async\" class=\"light-icon\" src=\"https:\/\/santiyedonanimlari.com\/wp-content\/uploads\/2022\/10\/icon-8.svg\" alt=\"Icon\">\t\t\t\t\t\t\t\t<\/a>\t\t\t\t\t\t\t<\/div>\n\t\t\t\t\t\t\t\t\t\t\t\t\t\t\t\t\t\t\t\t\t\t\t\t\t\t\t\t<div class=\"h3\">\n\t\t\t\t\t\t\t\t<a href=\"\/iletisim\">\n\t\t\t\t\t\t\t\t\t<span >\n\t\t\t\t\t\t\t\t\t\tVeri Toplama\u200b\t\t\t\t\t\t\t\t\t<\/span>\n\t\t\t\t\t\t\t\t<\/a>\n\t\t\t\t\t\t\t<\/div>\n\t\t\t\t\t\t\t\t\t\t\t\t\t\t\t\t\t\t\t\t\t<p>\n\t\t\t\t\t\t\t\t<span >\n\t\t\t\t\t\t\t\t\t\u015eik\u00e2yete ili\u015fkin verilerin belirlenmesi, toplanmas\u0131 ve analiz edilmesi.\t\t\t\t\t\t\t\t<\/span>\n\t\t\t\t\t\t\t<\/p>\n\t\t\t\t\t\t\t\t\t\t\t\t\t\t\t\t\t\t\t\t\t<a href=\"\/iletisim\" class=\"icon\">\n\t\t\t\t\t\t\t\t<i class=\"fas fa-angle-double-right\"><\/i>\n\t\t\t\t\t\t\t<\/a>\n\t\t\t\t\t\t\t\t\t\t\t\t\t<\/div>\n\t\t\t\t\t<\/div>\n\t\t\t\t\t\t\t\t\t\t<div class=\"col-lg-3 col-md-6 col-sm-12 text-center\">\n\t\t\t\t\t\t<div class=\"service-data\">\n\t\t\t\t\t\t\t\t\t\t\t\t\t\t\t\t\t\t\t\t\t<div class=\"svg-icon d-flex-all\">\n\t\t\t\t\t\t\t\t\t\t\t\t\t\t\t\t<a href=\"\/iletisim\">\n\t\t\t\t\t\t\t\t\t\t\t\t\t\t\t\t\t\t\t\t\t\t\t\t\t\t<img decoding=\"async\" class=\"light-icon\" src=\"https:\/\/santiyedonanimlari.com\/wp-content\/uploads\/2022\/11\/icon-pd-2.svg\" alt=\"Icon\">\t\t\t\t\t\t\t\t<\/a>\t\t\t\t\t\t\t<\/div>\n\t\t\t\t\t\t\t\t\t\t\t\t\t\t\t\t\t\t\t\t\t\t\t\t\t\t\t\t<div class=\"h3\">\n\t\t\t\t\t\t\t\t<a href=\"\/iletisim\">\n\t\t\t\t\t\t\t\t\t<span >\n\t\t\t\t\t\t\t\t\t\tDe\u011ferlendirme\t\t\t\t\t\t\t\t\t<\/span>\n\t\t\t\t\t\t\t\t<\/a>\n\t\t\t\t\t\t\t<\/div>\n\t\t\t\t\t\t\t\t\t\t\t\t\t\t\t\t\t\t\t\t\t<p>\n\t\t\t\t\t\t\t\t<span >\n\t\t\t\t\t\t\t\t\tFirma i\u00e7i de\u011ferlendirmeler ve gerekli y\u00f6nlendirmeler.\t\t\t\t\t\t\t\t<\/span>\n\t\t\t\t\t\t\t<\/p>\n\t\t\t\t\t\t\t\t\t\t\t\t\t\t\t\t\t\t\t\t\t<a href=\"\/iletisim\" class=\"icon\">\n\t\t\t\t\t\t\t\t<i class=\"fas fa-angle-double-right\"><\/i>\n\t\t\t\t\t\t\t<\/a>\n\t\t\t\t\t\t\t\t\t\t\t\t\t<\/div>\n\t\t\t\t\t<\/div>\n\t\t\t\t\t\t\t\t\t\t<div class=\"col-lg-3 col-md-6 col-sm-12 text-center\">\n\t\t\t\t\t\t<div class=\"service-data\">\n\t\t\t\t\t\t\t\t\t\t\t\t\t\t\t\t\t\t\t\t\t<div class=\"svg-icon d-flex-all\">\n\t\t\t\t\t\t\t\t\t\t\t\t\t\t\t\t<a href=\"\/iletisim\">\n\t\t\t\t\t\t\t\t\t\t\t\t\t\t\t\t\t\t\t\t\t\t\t\t\t\t<img decoding=\"async\" class=\"light-icon\" src=\"https:\/\/santiyedonanimlari.com\/wp-content\/uploads\/2022\/10\/icon-7.svg\" alt=\"Icon\">\t\t\t\t\t\t\t\t<\/a>\t\t\t\t\t\t\t<\/div>\n\t\t\t\t\t\t\t\t\t\t\t\t\t\t\t\t\t\t\t\t\t\t\t\t\t\t\t\t<div class=\"h3\">\n\t\t\t\t\t\t\t\t<a href=\"\/iletisim\">\n\t\t\t\t\t\t\t\t\t<span >\n\t\t\t\t\t\t\t\t\t\tGeri Bildirim\n\t\t\t\t\t\t\t\t\t<\/span>\n\t\t\t\t\t\t\t\t<\/a>\n\t\t\t\t\t\t\t<\/div>\n\t\t\t\t\t\t\t\t\t\t\t\t\t\t\t\t\t\t\t\t\t<p>\n\t\t\t\t\t\t\t\t<span >\n\t\t\t\t\t\t\t\t\tM\u00fc\u015fteriye geri d\u00f6n\u00fc\u015f ve ma\u011fduriyetin giderilmesi.\n\t\t\t\t\t\t\t\t<\/span>\n\t\t\t\t\t\t\t<\/p>\n\t\t\t\t\t\t\t\t\t\t\t\t\t\t\t\t\t\t\t\t\t<a href=\"\/iletisim\" class=\"icon\">\n\t\t\t\t\t\t\t\t<i class=\"fas fa-angle-double-right\"><\/i>\n\t\t\t\t\t\t\t<\/a>\n\t\t\t\t\t\t\t\t\t\t\t\t\t<\/div>\n\t\t\t\t\t<\/div>\n\t\t\t\t\t\t\t\t\t\t<div class=\"col-lg-3 col-md-6 col-sm-12 text-center\">\n\t\t\t\t\t\t<div class=\"service-data\">\n\t\t\t\t\t\t\t\t\t\t\t\t\t\t\t\t\t\t\t\t\t<div class=\"svg-icon d-flex-all\">\n\t\t\t\t\t\t\t\t\t\t\t\t\t\t\t\t<a href=\"mailto:kalite@bayrakcimetal.com.tr\">\n\t\t\t\t\t\t\t\t\t\t\t\t\t\t\t\t\t\t\t\t\t\t\t\t\t\t<img decoding=\"async\" class=\"light-icon\" src=\"https:\/\/santiyedonanimlari.com\/wp-content\/uploads\/2022\/08\/icon-3.svg\" alt=\"Icon\">\t\t\t\t\t\t\t\t<\/a>\t\t\t\t\t\t\t<\/div>\n\t\t\t\t\t\t\t\t\t\t\t\t\t\t\t\t\t\t\t\t\t\t\t\t\t\t\t\t<div class=\"h3\">\n\t\t\t\t\t\t\t\t<a href=\"mailto:kalite@bayrakcimetal.com.tr\">\n\t\t\t\t\t\t\t\t\t<span >\n\t\t\t\t\t\t\t\t\t\t\u0130yile\u015ftirme\t\t\t\t\t\t\t\t\t<\/span>\n\t\t\t\t\t\t\t\t<\/a>\n\t\t\t\t\t\t\t<\/div>\n\t\t\t\t\t\t\t\t\t\t\t\t\t\t\t\t\t\t\t\t\t<p>\n\t\t\t\t\t\t\t\t<span >\n\t\t\t\t\t\t\t\t\tSorunun tekrar etmemesi i\u00e7in eksikliklerin tamamlanmas\u0131.\n\t\t\t\t\t\t\t\t<\/span>\n\t\t\t\t\t\t\t<\/p>\n\t\t\t\t\t\t\t\t\t\t\t\t\t\t\t\t\t\t\t\t\t<a href=\"mailto:kalite@bayrakcimetal.com.tr\" class=\"icon\">\n\t\t\t\t\t\t\t\t<i class=\"fas fa-angle-double-right\"><\/i>\n\t\t\t\t\t\t\t<\/a>\n\t\t\t\t\t\t\t\t\t\t\t\t\t<\/div>\n\t\t\t\t\t<\/div>\n\t\t\t\t\t\t\t\t\t<\/div>\n\t\t\t\t\t\t\t<\/div>\n\t\t<\/section>\n\t\t<!-- Service Style Two End -->\n\n\t\t\n\t\t\t\t\t\t<\/div>\n\t\t\t\t<\/div>\n\t\t\t\t\t<\/div>\n\t\t<\/div>\n\t\t\t\t\t<\/div>\n\t\t<\/section>\n\t\t<div class=\"elementor-element elementor-element-0f0dbc2 e-con-full e-flex e-con e-parent\" data-id=\"0f0dbc2\" data-element_type=\"container\" data-e-type=\"container\" data-settings=\"{&quot;ekit_has_onepagescroll_dot&quot;:&quot;yes&quot;}\">\n\t\t\t\t<div class=\"elementor-element elementor-element-cc2c39b elementor-widget elementor-widget-builty-section-heading\" data-id=\"cc2c39b\" data-element_type=\"widget\" data-e-type=\"widget\" data-settings=\"{&quot;ekit_we_effect_on&quot;:&quot;none&quot;}\" data-widget_type=\"builty-section-heading.default\">\n\t\t\t\t<div class=\"elementor-widget-container\">\n\t\t\t\t\t\n\t\t\n        <div class=\"heading\">\n                  <span >\n        \u0130leti\u015fim\u200b      <\/span>\n                  <h2>\n        <span >\n          \u015eikayet ve Geri Bildirim Kanallar\u0131m\u0131z        <\/span>\n      <\/h2>\n      \t\t\t    <\/div>\n    \n\t\t\n\t\t\t\t\t\t<\/div>\n\t\t\t\t<\/div>\n\t\t<div class=\"elementor-element elementor-element-9169ede e-grid e-con-full e-con e-child\" data-id=\"9169ede\" data-element_type=\"container\" data-e-type=\"container\" data-settings=\"{&quot;ekit_has_onepagescroll_dot&quot;:&quot;yes&quot;}\">\n\t\t<div class=\"elementor-element elementor-element-3d5486c e-con-full e-flex e-con e-child\" data-id=\"3d5486c\" data-element_type=\"container\" data-e-type=\"container\" data-settings=\"{&quot;ekit_has_onepagescroll_dot&quot;:&quot;yes&quot;}\">\n\t\t\t\t<div class=\"elementor-element elementor-element-ff2e718 elementor-widget elementor-widget-text-editor\" data-id=\"ff2e718\" data-element_type=\"widget\" data-e-type=\"widget\" data-settings=\"{&quot;ekit_we_effect_on&quot;:&quot;none&quot;}\" data-widget_type=\"text-editor.default\">\n\t\t\t\t\t\t\t\t\t<h2>\u0130leti\u015fim Formu<\/h2><div><p>Form doldurarak \u015fik\u00e2yetinizi iletebilirsiniz.<\/p><\/div>\t\t\t\t\t\t\t\t<\/div>\n\t\t\t\t<div class=\"elementor-element elementor-element-dfd218d elementor-widget elementor-widget-builty-button\" data-id=\"dfd218d\" data-element_type=\"widget\" data-e-type=\"widget\" data-settings=\"{&quot;ekit_we_effect_on&quot;:&quot;none&quot;}\" data-widget_type=\"builty-button.default\">\n\t\t\t\t<div class=\"elementor-widget-container\">\n\t\t\t\t\t\n\t\t\t\t<a href=\"\" data-bs-toggle=\"modal\" data-bs-target=\"#exampleModal\" class=\"theme-btn\">\n\t\t\t<span >\n\t\t\t\tFormu A\u00e7\t\t\t<\/span>\n\t\t\t<i class=\"fas fa-angle-double-right\"><\/i>\n\t\t<\/a>\n\t\t\n\t\t\t\t\t\t<\/div>\n\t\t\t\t<\/div>\n\t\t\t\t<\/div>\n\t\t<div class=\"elementor-element elementor-element-e7281e7 e-con-full e-flex e-con e-child\" data-id=\"e7281e7\" data-element_type=\"container\" data-e-type=\"container\" data-settings=\"{&quot;ekit_has_onepagescroll_dot&quot;:&quot;yes&quot;}\">\n\t\t\t\t<div class=\"elementor-element elementor-element-a198216 elementor-widget elementor-widget-text-editor\" data-id=\"a198216\" data-element_type=\"widget\" data-e-type=\"widget\" data-settings=\"{&quot;ekit_we_effect_on&quot;:&quot;none&quot;}\" data-widget_type=\"text-editor.default\">\n\t\t\t\t\t\t\t\t\t<h2>Sat\u0131\u015f &amp; Operasyon<\/h2><div><p>Form doldurarak \u015fik\u00e2yetinizi iletebilirsiniz.<\/p><\/div>\t\t\t\t\t\t\t\t<\/div>\n\t\t\t\t<div class=\"elementor-element elementor-element-9364c5a elementor-widget elementor-widget-builty-button\" data-id=\"9364c5a\" data-element_type=\"widget\" data-e-type=\"widget\" data-settings=\"{&quot;ekit_we_effect_on&quot;:&quot;none&quot;}\" data-widget_type=\"builty-button.default\">\n\t\t\t\t<div class=\"elementor-widget-container\">\n\t\t\t\t\t\n\t\t\t\t<a href=\"tel:+905531913897\" class=\"theme-btn\">\n\t\t\t<span >\n\t\t\t\t\u0130leti\u015fime Ge\u00e7\t\t\t<\/span>\n\t\t\t<i class=\"fas fa-angle-double-right\"><\/i>\n\t\t<\/a>\n\t\t\n\t\t\t\t\t\t<\/div>\n\t\t\t\t<\/div>\n\t\t\t\t<\/div>\n\t\t<div class=\"elementor-element elementor-element-cf03db8 e-con-full e-flex e-con e-child\" data-id=\"cf03db8\" data-element_type=\"container\" data-e-type=\"container\" data-settings=\"{&quot;ekit_has_onepagescroll_dot&quot;:&quot;yes&quot;}\">\n\t\t\t\t<div class=\"elementor-element elementor-element-060ab33 elementor-widget elementor-widget-text-editor\" data-id=\"060ab33\" data-element_type=\"widget\" data-e-type=\"widget\" data-settings=\"{&quot;ekit_we_effect_on&quot;:&quot;none&quot;}\" data-widget_type=\"text-editor.default\">\n\t\t\t\t\t\t\t\t\t<h2>Kalite Birimi<\/h2><div><p>E-posta g\u00f6nderebilirsiniz.<\/p><\/div>\t\t\t\t\t\t\t\t<\/div>\n\t\t\t\t<div class=\"elementor-element elementor-element-2e1403c elementor-widget elementor-widget-builty-button\" data-id=\"2e1403c\" data-element_type=\"widget\" data-e-type=\"widget\" data-settings=\"{&quot;ekit_we_effect_on&quot;:&quot;none&quot;}\" data-widget_type=\"builty-button.default\">\n\t\t\t\t<div class=\"elementor-widget-container\">\n\t\t\t\t\t\n\t\t\t\t<a href=\"mailto:kalite@bayrakcimetal.com.tr\" class=\"theme-btn\">\n\t\t\t<span >\n\t\t\t\tE-Posta G\u00f6nder\t\t\t<\/span>\n\t\t\t<i class=\"fas fa-angle-double-right\"><\/i>\n\t\t<\/a>\n\t\t\n\t\t\t\t\t\t<\/div>\n\t\t\t\t<\/div>\n\t\t\t\t<\/div>\n\t\t\t\t<\/div>\n\t\t\t\t<\/div>\n\t\t\t\t<section class=\"elementor-section elementor-top-section elementor-element elementor-element-b79b739 elementor-section-full_width elementor-section-stretched elementor-section-height-default elementor-section-height-default\" data-id=\"b79b739\" data-element_type=\"section\" data-e-type=\"section\" data-settings=\"{&quot;stretch_section&quot;:&quot;section-stretched&quot;,&quot;background_background&quot;:&quot;classic&quot;,&quot;ekit_has_onepagescroll_dot&quot;:&quot;yes&quot;}\">\n\t\t\t\t\t\t<div class=\"elementor-container elementor-column-gap-no\">\n\t\t\t\t\t<div class=\"elementor-column elementor-col-100 elementor-top-column elementor-element elementor-element-96c6e58\" data-id=\"96c6e58\" data-element_type=\"column\" data-e-type=\"column\">\n\t\t\t<div class=\"elementor-widget-wrap elementor-element-populated\">\n\t\t\t\t\t\t<div class=\"elementor-element elementor-element-7216af8 elementor-widget elementor-widget-builty-cta\" data-id=\"7216af8\" data-element_type=\"widget\" data-e-type=\"widget\" data-settings=\"{&quot;ekit_we_effect_on&quot;:&quot;none&quot;}\" data-widget_type=\"builty-cta.default\">\n\t\t\t\t<div class=\"elementor-widget-container\">\n\t\t\t\t\t\n\t\t<!-- CTA Section Start -->\n\t  <section class=\"cta-section\">\n\t    <div class=\"container\">\n\t      <div class=\"row align-items-center\">\n\t        <div class=\"col-lg-7\">\n\t          <div class=\"cta-data\">\n\t\t\t\t\t\t\t\t\t\t\t\t\t\t<h2>\n\t\t\t\t\t\t\t\t<span >\n                  M\u00fc\u015fteri Memnuniyeti \u00d6nceli\u011fimizdir\n                <\/span>\n\t\t\t\t\t\t\t<\/h2>\n\t\t\t\t\t\t\t\t\t\t\t\t\t\t\t\t\t\t\t\t\t<div >\n                <p>Sizin memnuniyetiniz bizim ba\u015far\u0131m\u0131zd\u0131r. Herhangi bir konuda bize ula\u015fmaktan \u00e7ekinmeyin.<\/p>              <\/div>\n\t\t\t\t\t\t\t\t\t\t\t\t\t\t\t\t\t\t\t\t\t<a href=\"\/iletisim\" class=\"theme-btn\">\n\t\t\t\t\t\t\t\t<span >\n\t\t\t\t\t\t\t\t\tHemen \u0130leti\u015fime Ge\u00e7in\t\t\t\t\t\t\t\t<\/span>\n\t\t\t\t\t\t\t\t<i class=\"fas fa-angle-double-right\"><\/i>\n\t\t\t\t\t\t\t<\/a>\n\t\t\t\t\t\t\t\n\t          <\/div>\n\t        <\/div>\n\t        <div class=\"col-lg-5\" >\n\t          <div class=\"cta-data\">\n\t\t\t\t\t\t\t\t            <figure>\n\t              <img decoding=\"async\" src=\"\" alt=\"M\u00fc\u015fteri Memnuniyeti \u00d6nceli\u011fimizdir\n\" \/>\n\t            <\/figure>\n\t\t\t\t\t\t\t\t          <\/div>\n\t        <\/div>\n\t      <\/div>\n\t    <\/div>\n\t  <\/section>\n\t  <!-- CTA Section End -->\n\n\t\t\t\t\t\t<\/div>\n\t\t\t\t<\/div>\n\t\t\t\t\t<\/div>\n\t\t<\/div>\n\t\t\t\t\t<\/div>\n\t\t<\/section>\n\t\t\t\t<\/div>\n\t\t","protected":false},"excerpt":{"rendered":"<p>Bayrakc\u0131 \u0130n\u015faat Metal San. Tic. Ltd. \u015eti. M\u00fc\u015fteri Memnuniyeti &amp; \u015eikayet Y\u00f6netimi M\u00fc\u015fteri odakl\u0131 firmam\u0131z, m\u00fc\u015fteri \u015fik\u00e2yetlerini inceleyerek, m\u00fc\u015fterilerden gelen.. <span class=\"read-more\"><a href=\"https:\/\/santiyedonanimlari.com\/tr\/musteri-memnuniyeti-sikayet\/\" class=\"theme-btn\"><span>Read more<\/span><i class=\"fas fa-angle-double-right\"><\/i><\/a><\/span><\/p>\n","protected":false},"author":1,"featured_media":0,"parent":0,"menu_order":0,"comment_status":"closed","ping_status":"closed","template":"","meta":{"_acf_changed":false,"inline_featured_image":false,"slim_seo":{"title":"M\u00fc\u015fteri Memnuniyeti & \u015eikayet - G\u00fcvenli ve Dayan\u0131kl\u0131 \u015eantiye Ekipmanlar\u0131 | \u015eantiye Donan\u0131mlar\u0131","description":"Bayrakc\u0131 \u0130n\u015faat Metal San. Tic. Ltd. \u015eti. M\u00fc\u015fteri Memnuniyeti &amp; \u015eikayet Y\u00f6netimi M\u00fc\u015fteri odakl\u0131 firmam\u0131z, m\u00fc\u015fteri \u015fik\u00e2yetlerini inceleyerek, m\u00fc\u015fterilerden g"},"footnotes":""},"class_list":["post-2885","page","type-page","status-publish","hentry"],"acf":[],"_hostinger_reach_plugin_has_subscription_block":false,"_hostinger_reach_plugin_is_elementor":false,"_links":{"self":[{"href":"https:\/\/santiyedonanimlari.com\/tr\/wp-json\/wp\/v2\/pages\/2885","targetHints":{"allow":["GET"]}}],"collection":[{"href":"https:\/\/santiyedonanimlari.com\/tr\/wp-json\/wp\/v2\/pages"}],"about":[{"href":"https:\/\/santiyedonanimlari.com\/tr\/wp-json\/wp\/v2\/types\/page"}],"author":[{"embeddable":true,"href":"https:\/\/santiyedonanimlari.com\/tr\/wp-json\/wp\/v2\/users\/1"}],"replies":[{"embeddable":true,"href":"https:\/\/santiyedonanimlari.com\/tr\/wp-json\/wp\/v2\/comments?post=2885"}],"version-history":[{"count":0,"href":"https:\/\/santiyedonanimlari.com\/tr\/wp-json\/wp\/v2\/pages\/2885\/revisions"}],"wp:attachment":[{"href":"https:\/\/santiyedonanimlari.com\/tr\/wp-json\/wp\/v2\/media?parent=2885"}],"curies":[{"name":"wp","href":"https:\/\/api.w.org\/{rel}","templated":true}]}}