{"id":2880,"date":"2026-01-06T20:46:11","date_gmt":"2026-01-06T20:46:11","guid":{"rendered":"https:\/\/santiyedonanimlari.com\/?page_id=2880"},"modified":"2026-01-16T21:18:05","modified_gmt":"2026-01-16T21:18:05","slug":"kvkk-aydinlatma-rehberleri","status":"publish","type":"page","link":"https:\/\/santiyedonanimlari.com\/tr\/kvkk-aydinlatma-rehberleri\/","title":{"rendered":"KVKK Ayd\u0131nlatma Rehberleri"},"content":{"rendered":"\t\t<div data-elementor-type=\"wp-page\" data-elementor-id=\"2880\" class=\"elementor elementor-2880\" data-elementor-post-type=\"page\">\n\t\t\t\t\t\t<section class=\"elementor-section elementor-top-section elementor-element elementor-element-7746289e elementor-section-full_width elementor-section-stretched elementor-section-height-default elementor-section-height-default\" data-id=\"7746289e\" data-element_type=\"section\" data-e-type=\"section\" data-settings=\"{&quot;stretch_section&quot;:&quot;section-stretched&quot;,&quot;ekit_has_onepagescroll_dot&quot;:&quot;yes&quot;}\">\n\t\t\t\t\t\t<div class=\"elementor-container elementor-column-gap-default\">\n\t\t\t\t\t<div class=\"elementor-column elementor-col-100 elementor-top-column elementor-element elementor-element-5c5e7db1\" data-id=\"5c5e7db1\" data-element_type=\"column\" data-e-type=\"column\">\n\t\t\t<div class=\"elementor-widget-wrap elementor-element-populated\">\n\t\t\t\t\t\t<div class=\"elementor-element elementor-element-3728675b elementor-widget elementor-widget-builty-about-us\" data-id=\"3728675b\" data-element_type=\"widget\" data-e-type=\"widget\" data-settings=\"{&quot;ekit_we_effect_on&quot;:&quot;none&quot;}\" data-widget_type=\"builty-about-us.default\">\n\t\t\t\t<div class=\"elementor-widget-container\">\n\t\t\t\t\t\n\t\t<!-- About Style One Start -->\n\t  <section class=\"gap no-top about-style-one\">\n\t    <div class=\"container\">\n\t      <div class=\"row\">\n\t        <div class=\"col-lg-6\" >\n\t          <div class=\"about-data-left\">\n\t\t\t\t\t\t\t\t            <figure>\n\t              <img decoding=\"async\" src=\"https:\/\/santiyedonanimlari.com\/wp-content\/uploads\/2026\/01\/celik-kesme-makinasi.webp\" alt=\"KVKK Bilgilendirme\">\n\t            <\/figure>\n\t\t\t\t\t\t\t\t\t\t\t\t\t\t\t            <figure class=\"about-image\">\n\t              <img decoding=\"async\" src=\"https:\/\/santiyedonanimlari.com\/wp-content\/uploads\/2026\/01\/bayrakci-metal-hakkimizda-2.webp\" alt=\"KVKK Bilgilendirme\">\n\t            <\/figure>\n\t\t\t\t\t\t\t\t          <\/div>\n\t        <\/div>\n\t        <div class=\"col-lg-6\" >\n\t          <div class=\"about-data-right\">\n\t\t\t\t\t\t\t\t\t\t\t\t\t\t<span >\n\t\t\t\t\t\t\t\tKVKK Bilgilendirme\t\t\t\t\t\t\t<\/span>\n\t\t\t\t\t\t\t\t\t\t\t\t\t\t\t            <h2>\n\t\t\t\t\t\t\t\t<span >\n\t\t\t\t\t\t\t\t\tKi\u015fisel Verilerin Korunmas\u0131 Hakk\u0131nda\n\t\t\t\t\t\t\t\t<\/span>\n\t\t\t\t\t\t\t<\/h2>\n\t\t\t\t\t\t\t\t            <div class=\"about-info\">\n\t\t\t\t\t\t\t\t\t\t\t\t\t\t\t\t<div >\n\t        \t\t\t  <p>\u015eirketimiz, ki\u015fisel verilerinizin g\u00fcvenli\u011fi ve \u015feffafl\u0131\u011f\u0131 i\u00e7in t\u00fcm yasal y\u00fck\u00fcml\u00fcl\u00fcklerini yerine getirmektedir. KVKK kapsam\u0131nda haz\u0131rlanan ayd\u0131nlatma metinleri ve politikalar\u0131m\u0131z\u0131 bu sayfadan inceleyebilir, ilgili dok\u00fcmanlara kolayca ula\u015fabilirsiniz. T\u00fcm s\u00fcre\u00e7lerimizde veri g\u00fcvenli\u011fini \u00f6n planda tutuyor, \u015feffaf bir ileti\u015fim sa\u011fl\u0131yoruz.<\/p><p>A\u015fa\u011f\u0131daki rehberler ve politikalar, ki\u015fisel verilerinizin i\u015flenmesi, saklanmas\u0131, imhas\u0131 ve haklar\u0131n\u0131z hakk\u0131nda detayl\u0131 bilgi sunar. Herhangi bir sorunuz i\u00e7in bizimle ileti\u015fime ge\u00e7ebilirsiniz.<\/p>\t        \t\t\t<\/div>\n\t\t\t\t\t\t\t\t\t\t\t\t\t\t\t\t\t\t\t\t\t\t\t\t\t\t\t\t\t\t\t\t\t            <\/div>\n\t          <\/div>\n\t        <\/div>\n\t      <\/div>\n\t    <\/div>\n\t  <\/section>\n\t  <!-- About Style One End -->\n\n\t\t\t\t\t\t<\/div>\n\t\t\t\t<\/div>\n\t\t\t\t\t<\/div>\n\t\t<\/div>\n\t\t\t\t\t<\/div>\n\t\t<\/section>\n\t\t\t\t<section class=\"elementor-section elementor-top-section elementor-element elementor-element-4a6dc0f elementor-section-boxed elementor-section-height-default elementor-section-height-default\" data-id=\"4a6dc0f\" data-element_type=\"section\" data-e-type=\"section\" data-settings=\"{&quot;ekit_has_onepagescroll_dot&quot;:&quot;yes&quot;}\">\n\t\t\t\t\t\t<div class=\"elementor-container elementor-column-gap-default\">\n\t\t\t\t\t<div class=\"elementor-column elementor-col-100 elementor-top-column elementor-element elementor-element-9438bd1\" data-id=\"9438bd1\" data-element_type=\"column\" data-e-type=\"column\">\n\t\t\t<div class=\"elementor-widget-wrap elementor-element-populated\">\n\t\t\t\t\t\t<div class=\"elementor-element elementor-element-983500c elementor-widget elementor-widget-builty-faq\" data-id=\"983500c\" data-element_type=\"widget\" data-e-type=\"widget\" data-settings=\"{&quot;ekit_we_effect_on&quot;:&quot;none&quot;}\" data-widget_type=\"builty-faq.default\">\n\t\t\t\t<div class=\"elementor-widget-container\">\n\t\t\t\t\t\n\t\t\t\t<div class=\"acc2\">\n\t\t\t<div class=\"accordion\" id=\"accordionExample\">\n\t\t\t\t\t\t\t\t<div class=\"accordion-item\">\n\t\t\t\t\t\t\t\t\t\t<div class=\"intro-title accordion-header\" id=\"heading-1\">\n\t\t\t\t\t\t<button class=\"accordion-button collapsed\" type=\"button\" data-bs-toggle=\"collapse\" data-bs-target=\"#collapse-1\" aria-expanded=\"false\" aria-controls=\"collapse-1\">\n\t\t\t\t\t\t\t<span >\n\t\t\t\t\t\t\t\t01.Ki\u015fisel Verilerin \u0130\u015flenmesi ve Korunmas\u0131 Politikas\u0131\t\t\t\t\t\t\t<\/span>\n\t\t\t\t\t\t<\/button>\n\t\t\t\t\t<\/div>\n\t\t\t\t\t\t\t\t\t\t\t\t\t\t\t<div id=\"collapse-1\" class=\"accordion-collapse collapse\" aria-labelledby=\"heading-1\" data-bs-parent=\"#accordionExample\">\n\t\t\t\t\t\t<div class=\"accordion-body\">\n\t\t\t\t\t\t\t<div >\n\t\t\t\t\t\t\t\t<p>\u015eirketimizin Ki\u015fisel Verilerin \u0130\u015flenmesi ve Korunma Politikas\u0131na buradan eri\u015febilirsiniz:<\/p><p>Dosyay\u0131 G\u00f6r\u00fcnt\u00fcle<\/p>\t\t\t\t\t\t\t<\/div>\n\t\t\t\t\t\t<\/div>\n\t\t\t\t\t<\/div>\n\t\t\t\t\t\t\t\t\t<\/div>\n\t\t\t\t\t\t\t\t<div class=\"accordion-item\">\n\t\t\t\t\t\t\t\t\t\t<div class=\"intro-title accordion-header\" id=\"heading-2\">\n\t\t\t\t\t\t<button class=\"accordion-button collapsed\" type=\"button\" data-bs-toggle=\"collapse\" data-bs-target=\"#collapse-2\" aria-expanded=\"false\" aria-controls=\"collapse-2\">\n\t\t\t\t\t\t\t<span >\n\t\t\t\t\t\t\t\t02.\nKi\u015fisel Veri Saklama ve \u0130mha Politikas\u0131\t\t\t\t\t\t\t<\/span>\n\t\t\t\t\t\t<\/button>\n\t\t\t\t\t<\/div>\n\t\t\t\t\t\t\t\t\t\t\t\t\t\t\t<div id=\"collapse-2\" class=\"accordion-collapse collapse\" aria-labelledby=\"heading-2\" data-bs-parent=\"#accordionExample\">\n\t\t\t\t\t\t<div class=\"accordion-body\">\n\t\t\t\t\t\t\t<div >\n\t\t\t\t\t\t\t\t<p>\u015eirketimizin Ki\u015fisel Veri Saklama ve \u0130mha Politikas\u0131na buradan eri\u015febilirsiniz:<\/p><p>Dosyay\u0131 G\u00f6r\u00fcnt\u00fcle<\/p>\t\t\t\t\t\t\t<\/div>\n\t\t\t\t\t\t<\/div>\n\t\t\t\t\t<\/div>\n\t\t\t\t\t\t\t\t\t<\/div>\n\t\t\t\t\t\t\t\t<div class=\"accordion-item\">\n\t\t\t\t\t\t\t\t\t\t<div class=\"intro-title accordion-header\" id=\"heading-3\">\n\t\t\t\t\t\t<button class=\"accordion-button collapsed\" type=\"button\" data-bs-toggle=\"collapse\" data-bs-target=\"#collapse-3\" aria-expanded=\"false\" aria-controls=\"collapse-3\">\n\t\t\t\t\t\t\t<span >\n\t\t\t\t\t\t\t\t03.\n\u00c7a\u011fr\u0131 Merkezi Ayd\u0131nlatma Metni\n\t\t\t\t\t\t\t<\/span>\n\t\t\t\t\t\t<\/button>\n\t\t\t\t\t<\/div>\n\t\t\t\t\t\t\t\t\t\t\t\t\t\t\t<div id=\"collapse-3\" class=\"accordion-collapse collapse\" aria-labelledby=\"heading-3\" data-bs-parent=\"#accordionExample\">\n\t\t\t\t\t\t<div class=\"accordion-body\">\n\t\t\t\t\t\t\t<div >\n\t\t\t\t\t\t\t\t<p>\u015eirketimizin \u00c7a\u011fr\u0131 Merkezi Ayd\u0131nlatma Metnine buradan eri\u015febilirsiniz:<\/p><p>Dosyay\u0131 G\u00f6r\u00fcnt\u00fcle<\/p>\t\t\t\t\t\t\t<\/div>\n\t\t\t\t\t\t<\/div>\n\t\t\t\t\t<\/div>\n\t\t\t\t\t\t\t\t\t<\/div>\n\t\t\t\t\t\t\t\t<div class=\"accordion-item\">\n\t\t\t\t\t\t\t\t\t\t<div class=\"intro-title accordion-header\" id=\"heading-4\">\n\t\t\t\t\t\t<button class=\"accordion-button collapsed\" type=\"button\" data-bs-toggle=\"collapse\" data-bs-target=\"#collapse-4\" aria-expanded=\"false\" aria-controls=\"collapse-4\">\n\t\t\t\t\t\t\t<span >\n\t\t\t\t\t\t\t\t04.\n\u00c7al\u0131\u015fan Aday\u0131 Ayd\u0131nlatma Metni\n\t\t\t\t\t\t\t<\/span>\n\t\t\t\t\t\t<\/button>\n\t\t\t\t\t<\/div>\n\t\t\t\t\t\t\t\t\t\t\t\t\t\t\t<div id=\"collapse-4\" class=\"accordion-collapse collapse\" aria-labelledby=\"heading-4\" data-bs-parent=\"#accordionExample\">\n\t\t\t\t\t\t<div class=\"accordion-body\">\n\t\t\t\t\t\t\t<div >\n\t\t\t\t\t\t\t\t<p>\u015eirketimizin \u00c7al\u0131\u015fan Aday\u0131 Ayd\u0131nlatma Metnine buradan ula\u015fabilirsiniz:<\/p><p>Dosyay\u0131 G\u00f6r\u00fcnt\u00fcle<\/p>\t\t\t\t\t\t\t<\/div>\n\t\t\t\t\t\t<\/div>\n\t\t\t\t\t<\/div>\n\t\t\t\t\t\t\t\t\t<\/div>\n\t\t\t\t\t\t\t\t<div class=\"accordion-item\">\n\t\t\t\t\t\t\t\t\t\t<div class=\"intro-title accordion-header\" id=\"heading-5\">\n\t\t\t\t\t\t<button class=\"accordion-button collapsed\" type=\"button\" data-bs-toggle=\"collapse\" data-bs-target=\"#collapse-5\" aria-expanded=\"false\" aria-controls=\"collapse-5\">\n\t\t\t\t\t\t\t<span >\n\t\t\t\t\t\t\t\t05.\n\u00c7erez Politikas\u0131\n\t\t\t\t\t\t\t<\/span>\n\t\t\t\t\t\t<\/button>\n\t\t\t\t\t<\/div>\n\t\t\t\t\t\t\t\t\t\t\t\t\t\t\t<div id=\"collapse-5\" class=\"accordion-collapse collapse\" aria-labelledby=\"heading-5\" data-bs-parent=\"#accordionExample\">\n\t\t\t\t\t\t<div class=\"accordion-body\">\n\t\t\t\t\t\t\t<div >\n\t\t\t\t\t\t\t\t<p>\u015eirketimizin \u00c7erez Politikas\u0131na buradan eri\u015febilirsiniz:<\/p><p>Dosyay\u0131 G\u00f6r\u00fcnt\u00fcle<\/p>\t\t\t\t\t\t\t<\/div>\n\t\t\t\t\t\t<\/div>\n\t\t\t\t\t<\/div>\n\t\t\t\t\t\t\t\t\t<\/div>\n\t\t\t\t\t\t\t\t<div class=\"accordion-item\">\n\t\t\t\t\t\t\t\t\t\t<div class=\"intro-title accordion-header\" id=\"heading-6\">\n\t\t\t\t\t\t<button class=\"accordion-button collapsed\" type=\"button\" data-bs-toggle=\"collapse\" data-bs-target=\"#collapse-6\" aria-expanded=\"false\" aria-controls=\"collapse-6\">\n\t\t\t\t\t\t\t<span >\n\t\t\t\t\t\t\t\t06.\n\u00d6zel Nitelikli Ki\u015fisel Verilerin \u0130\u015flenmesi ve Korunmas\u0131 Politikas\u0131\n\t\t\t\t\t\t\t<\/span>\n\t\t\t\t\t\t<\/button>\n\t\t\t\t\t<\/div>\n\t\t\t\t\t\t\t\t\t\t\t\t\t\t\t<div id=\"collapse-6\" class=\"accordion-collapse collapse\" aria-labelledby=\"heading-6\" data-bs-parent=\"#accordionExample\">\n\t\t\t\t\t\t<div class=\"accordion-body\">\n\t\t\t\t\t\t\t<div >\n\t\t\t\t\t\t\t\t<p>\u015eirketimizin \u00d6zel Nitelikli Ki\u015fisel Verilerin \u0130\u015flenmesi ve Korunmas\u0131 Politikas\u0131na buradan eri\u015febilirsiniz:<\/p><p>Dosyay\u0131 G\u00f6r\u00fcnt\u00fcle<\/p>\t\t\t\t\t\t\t<\/div>\n\t\t\t\t\t\t<\/div>\n\t\t\t\t\t<\/div>\n\t\t\t\t\t\t\t\t\t<\/div>\n\t\t\t\t\t\t\t\t<div class=\"accordion-item\">\n\t\t\t\t\t\t\t\t\t\t<div class=\"intro-title accordion-header\" id=\"heading-7\">\n\t\t\t\t\t\t<button class=\"accordion-button collapsed\" type=\"button\" data-bs-toggle=\"collapse\" data-bs-target=\"#collapse-7\" aria-expanded=\"false\" aria-controls=\"collapse-7\">\n\t\t\t\t\t\t\t<span >\n\t\t\t\t\t\t\t\t07.\nTedarik\u00e7i Ayd\u0131nlatma Metni\n\t\t\t\t\t\t\t<\/span>\n\t\t\t\t\t\t<\/button>\n\t\t\t\t\t<\/div>\n\t\t\t\t\t\t\t\t\t\t\t\t\t\t\t<div id=\"collapse-7\" class=\"accordion-collapse collapse\" aria-labelledby=\"heading-7\" data-bs-parent=\"#accordionExample\">\n\t\t\t\t\t\t<div class=\"accordion-body\">\n\t\t\t\t\t\t\t<div >\n\t\t\t\t\t\t\t\t<p>\u015eirketimizin Tedarik\u00e7i Ayd\u0131nlatma Metnine buradan eri\u015febilirsiniz:<\/p><p>Dosyay\u0131 G\u00f6r\u00fcnt\u00fcle<\/p>\t\t\t\t\t\t\t<\/div>\n\t\t\t\t\t\t<\/div>\n\t\t\t\t\t<\/div>\n\t\t\t\t\t\t\t\t\t<\/div>\n\t\t\t\t\t\t\t\t<div class=\"accordion-item\">\n\t\t\t\t\t\t\t\t\t\t<div class=\"intro-title accordion-header\" id=\"heading-8\">\n\t\t\t\t\t\t<button class=\"accordion-button collapsed\" type=\"button\" data-bs-toggle=\"collapse\" data-bs-target=\"#collapse-8\" aria-expanded=\"false\" aria-controls=\"collapse-8\">\n\t\t\t\t\t\t\t<span >\n\t\t\t\t\t\t\t\t08.\n\u0130leti\u015fim Formu Ayd\u0131nlatma Metni\n\t\t\t\t\t\t\t<\/span>\n\t\t\t\t\t\t<\/button>\n\t\t\t\t\t<\/div>\n\t\t\t\t\t\t\t\t\t\t\t\t\t\t\t<div id=\"collapse-8\" class=\"accordion-collapse collapse\" aria-labelledby=\"heading-8\" data-bs-parent=\"#accordionExample\">\n\t\t\t\t\t\t<div class=\"accordion-body\">\n\t\t\t\t\t\t\t<div >\n\t\t\t\t\t\t\t\t<p>\u015eirketimizin \u0130leti\u015fim Formu Ayd\u0131nlatma Metnine buradan eri\u015febilirsiniz:<\/p><p>Dosyay\u0131 G\u00f6r\u00fcnt\u00fcle<\/p>\t\t\t\t\t\t\t<\/div>\n\t\t\t\t\t\t<\/div>\n\t\t\t\t\t<\/div>\n\t\t\t\t\t\t\t\t\t<\/div>\n\t\t\t\t\t\t\t\t<div class=\"accordion-item\">\n\t\t\t\t\t\t\t\t\t\t<div class=\"intro-title accordion-header\" id=\"heading-9\">\n\t\t\t\t\t\t<button class=\"accordion-button collapsed\" type=\"button\" data-bs-toggle=\"collapse\" data-bs-target=\"#collapse-9\" aria-expanded=\"false\" aria-controls=\"collapse-9\">\n\t\t\t\t\t\t\t<span >\n\t\t\t\t\t\t\t\t09.\nKVKK Ba\u015fvuru Formu\n\t\t\t\t\t\t\t<\/span>\n\t\t\t\t\t\t<\/button>\n\t\t\t\t\t<\/div>\n\t\t\t\t\t\t\t\t\t\t\t\t\t\t\t<div id=\"collapse-9\" class=\"accordion-collapse collapse\" aria-labelledby=\"heading-9\" data-bs-parent=\"#accordionExample\">\n\t\t\t\t\t\t<div class=\"accordion-body\">\n\t\t\t\t\t\t\t<div >\n\t\t\t\t\t\t\t\t<p>\u015eirketimizin KVKK Ba\u015fvuru Formuna buradan eri\u015febilirsiniz:<\/p><p>Dosyay\u0131 G\u00f6r\u00fcnt\u00fcle<\/p>\t\t\t\t\t\t\t<\/div>\n\t\t\t\t\t\t<\/div>\n\t\t\t\t\t<\/div>\n\t\t\t\t\t\t\t\t\t<\/div>\n\t\t\t\t\t\t\t<\/div>\n\t\t<\/div>\n\t\t\n\t\t\t\t\t\t<\/div>\n\t\t\t\t<\/div>\n\t\t\t\t\t<\/div>\n\t\t<\/div>\n\t\t\t\t\t<\/div>\n\t\t<\/section>\n\t\t<div class=\"elementor-element elementor-element-467b1a65 e-con-full e-flex e-con e-parent\" data-id=\"467b1a65\" data-element_type=\"container\" data-e-type=\"container\" data-settings=\"{&quot;ekit_has_onepagescroll_dot&quot;:&quot;yes&quot;}\">\n\t\t\t\t<div class=\"elementor-element elementor-element-7166c68d elementor-widget elementor-widget-builty-cta\" data-id=\"7166c68d\" data-element_type=\"widget\" data-e-type=\"widget\" data-settings=\"{&quot;ekit_we_effect_on&quot;:&quot;none&quot;}\" data-widget_type=\"builty-cta.default\">\n\t\t\t\t<div class=\"elementor-widget-container\">\n\t\t\t\t\t\n\t\t<!-- CTA Section Start -->\n\t  <section class=\"cta-section\">\n\t    <div class=\"container\">\n\t      <div class=\"row align-items-center\">\n\t        <div class=\"col-lg-7\">\n\t          <div class=\"cta-data\">\n\t\t\t\t\t\t\t\t\t\t\t\t\t\t<h2>\n\t\t\t\t\t\t\t\t<span >\n                  KVKK Ayd\u0131nlatma Rehberlerini \u0130nceleyin\n                <\/span>\n\t\t\t\t\t\t\t<\/h2>\n\t\t\t\t\t\t\t\t\t\t\t\t\t\t\t\t\t\t\t\t\t<div >\n                <p>Ki\u015fisel verilerinizin g\u00fcvenli\u011fi bizim i\u00e7in \u00f6nemli. KVKK kapsam\u0131nda sizi bilgilendirmek amac\u0131yla rehber ve dok\u00fcmanlar\u0131m\u0131z\u0131 inceleyebilirsiniz. KVKK ile ilgili sorular\u0131n\u0131z i\u00e7in bizimle ileti\u015fime ge\u00e7ebilirsiniz.<\/p>              <\/div>\n\t\t\t\t\t\t\t\t\t\t\t\t\t\t\t\t\t\t\t\t\t<a href=\"\/iletisim\" class=\"theme-btn\">\n\t\t\t\t\t\t\t\t<span >\n\t\t\t\t\t\t\t\t\t\u0130leti\u015fime Ge\u00e7in\t\t\t\t\t\t\t\t<\/span>\n\t\t\t\t\t\t\t\t<i class=\"fas fa-angle-double-right\"><\/i>\n\t\t\t\t\t\t\t<\/a>\n\t\t\t\t\t\t\t\n\t          <\/div>\n\t        <\/div>\n\t        <div class=\"col-lg-5\" >\n\t          <div class=\"cta-data\">\n\t\t\t\t\t\t\t\t            <figure>\n\t              <img decoding=\"async\" src=\"\" alt=\"KVKK Ayd\u0131nlatma Rehberlerini \u0130nceleyin\n\" \/>\n\t            <\/figure>\n\t\t\t\t\t\t\t\t          <\/div>\n\t        <\/div>\n\t      <\/div>\n\t    <\/div>\n\t  <\/section>\n\t  <!-- CTA Section End -->\n\n\t\t\t\t\t\t<\/div>\n\t\t\t\t<\/div>\n\t\t\t\t<\/div>\n\t\t\t\t<\/div>\n\t\t","protected":false},"excerpt":{"rendered":"<p>KVKK Bilgilendirme Ki\u015fisel Verilerin Korunmas\u0131 Hakk\u0131nda \u015eirketimiz, ki\u015fisel verilerinizin g\u00fcvenli\u011fi ve \u015feffafl\u0131\u011f\u0131 i\u00e7in t\u00fcm yasal y\u00fck\u00fcml\u00fcl\u00fcklerini yerine getirmektedir. KVKK kapsam\u0131nda.. <span class=\"read-more\"><a href=\"https:\/\/santiyedonanimlari.com\/tr\/kvkk-aydinlatma-rehberleri\/\" class=\"theme-btn\"><span>Read more<\/span><i class=\"fas fa-angle-double-right\"><\/i><\/a><\/span><\/p>\n","protected":false},"author":1,"featured_media":0,"parent":0,"menu_order":0,"comment_status":"closed","ping_status":"closed","template":"","meta":{"_acf_changed":false,"inline_featured_image":false,"slim_seo":{"title":"KVKK Ayd\u0131nlatma Rehberleri - G\u00fcvenli ve Dayan\u0131kl\u0131 \u015eantiye Ekipmanlar\u0131 | \u015eantiye Donan\u0131mlar\u0131","description":"KVKK Bilgilendirme Ki\u015fisel Verilerin Korunmas\u0131 Hakk\u0131nda \u015eirketimiz, ki\u015fisel verilerinizin g\u00fcvenli\u011fi ve \u015feffafl\u0131\u011f\u0131 i\u00e7in t\u00fcm yasal y\u00fck\u00fcml\u00fcl\u00fcklerini yerine getirme"},"footnotes":""},"class_list":["post-2880","page","type-page","status-publish","hentry"],"acf":[],"_hostinger_reach_plugin_has_subscription_block":false,"_hostinger_reach_plugin_is_elementor":false,"_links":{"self":[{"href":"https:\/\/santiyedonanimlari.com\/tr\/wp-json\/wp\/v2\/pages\/2880","targetHints":{"allow":["GET"]}}],"collection":[{"href":"https:\/\/santiyedonanimlari.com\/tr\/wp-json\/wp\/v2\/pages"}],"about":[{"href":"https:\/\/santiyedonanimlari.com\/tr\/wp-json\/wp\/v2\/types\/page"}],"author":[{"embeddable":true,"href":"https:\/\/santiyedonanimlari.com\/tr\/wp-json\/wp\/v2\/users\/1"}],"replies":[{"embeddable":true,"href":"https:\/\/santiyedonanimlari.com\/tr\/wp-json\/wp\/v2\/comments?post=2880"}],"version-history":[{"count":0,"href":"https:\/\/santiyedonanimlari.com\/tr\/wp-json\/wp\/v2\/pages\/2880\/revisions"}],"wp:attachment":[{"href":"https:\/\/santiyedonanimlari.com\/tr\/wp-json\/wp\/v2\/media?parent=2880"}],"curies":[{"name":"wp","href":"https:\/\/api.w.org\/{rel}","templated":true}]}}