{"id":2902,"date":"2026-01-06T20:48:15","date_gmt":"2026-01-06T20:48:15","guid":{"rendered":"https:\/\/santiyedonanimlari.com\/?page_id=2902"},"modified":"2026-01-20T14:25:31","modified_gmt":"2026-01-20T14:25:31","slug":"our-dealers-and-branches","status":"publish","type":"page","link":"https:\/\/santiyedonanimlari.com\/en\/our-dealers-and-branches\/","title":{"rendered":"Our Dealers and Branches"},"content":{"rendered":"<div data-elementor-type=\"wp-page\" data-elementor-id=\"2902\" class=\"elementor elementor-2902\" data-elementor-post-type=\"page\">\n\t\t\t\t<div class=\"elementor-element elementor-element-7d158f7 e-con-full e-flex e-con e-parent\" data-id=\"7d158f7\" data-element_type=\"container\" data-e-type=\"container\" data-settings=\"{&quot;ekit_has_onepagescroll_dot&quot;:&quot;yes&quot;}\">\n\t\t\t\t<div class=\"elementor-element elementor-element-4a2b9829 elementor-widget elementor-widget-builty-section-heading\" data-id=\"4a2b9829\" data-element_type=\"widget\" data-e-type=\"widget\" data-settings=\"{&quot;ekit_we_effect_on&quot;:&quot;none&quot;}\" data-widget_type=\"builty-section-heading.default\">\n\t\t\t\t<div class=\"elementor-widget-container\">\n\t\t\t\t\t\n\t\t\n        <div class=\"heading\">\n                        <h2>\n        <span >\n          Our Dealers and Branches\n        <\/span>\n      <\/h2>\n      \t\t\t    <\/div>\n    \n\t\t\n\t\t\t\t\t\t<\/div>\n\t\t\t\t<\/div>\n\t\t<div class=\"elementor-element elementor-element-ed12c8e e-grid e-con-full e-con e-child\" data-id=\"ed12c8e\" data-element_type=\"container\" data-e-type=\"container\" data-settings=\"{&quot;ekit_has_onepagescroll_dot&quot;:&quot;yes&quot;}\">\n\t\t<div class=\"elementor-element elementor-element-4542e778 e-con-full e-flex e-con e-child\" data-id=\"4542e778\" data-element_type=\"container\" data-e-type=\"container\" data-settings=\"{&quot;ekit_has_onepagescroll_dot&quot;:&quot;yes&quot;}\">\n\t\t\t\t<div class=\"elementor-element elementor-element-4c285f36 elementor-widget elementor-widget-text-editor\" data-id=\"4c285f36\" data-element_type=\"widget\" data-e-type=\"widget\" data-settings=\"{&quot;ekit_we_effect_on&quot;:&quot;none&quot;}\" data-widget_type=\"text-editor.default\">\n\t\t\t\t\t\t\t\t\t<h2>Production Facility<\/h2><div><div class=\"title ms-0\">Ortamand\u0131ra, Atatepe Sanayi Sitesi 26. Sokak, 10100 Alt\u0131eyl\u00fcl\/Bal\u0131kesir<\/div><div class=\"details ms-0\"><div class=\"d-flex justify-content-between\">Telephone<strong>553 191 38 97<\/strong><\/div><div class=\"d-flex justify-content-between\">WhatsApp<strong>553 191 38 97<\/strong><\/div><div class=\"d-flex justify-content-between\">Order<strong>553 191 38 97<\/strong><\/div><div class=\"d-flex justify-content-between\">E-Mail<strong>talep@bayrakcimetal.com.tr<\/strong><\/div><\/div><\/div>\t\t\t\t\t\t\t\t<\/div>\n\t\t\t\t<div class=\"elementor-element elementor-element-6aff156d elementor-widget elementor-widget-builty-button\" data-id=\"6aff156d\" data-element_type=\"widget\" data-e-type=\"widget\" data-settings=\"{&quot;ekit_we_effect_on&quot;:&quot;none&quot;}\" data-widget_type=\"builty-button.default\">\n\t\t\t\t<div class=\"elementor-widget-container\">\n\t\t\t\t\t\n\t\t\t\t<a href=\"https:\/\/maps.app.goo.gl\/S5CQZQMaeRRJADjR8\" class=\"theme-btn\">\n\t\t\t<span >\n\t\t\t\tDirections\t\t\t<\/span>\n\t\t\t<i class=\"fas fa-angle-double-right\"><\/i>\n\t\t<\/a>\n\t\t\n\t\t\t\t\t\t<\/div>\n\t\t\t\t<\/div>\n\t\t\t\t<\/div>\n\t\t<div class=\"elementor-element elementor-element-3a7985aa e-con-full e-flex e-con e-child\" data-id=\"3a7985aa\" data-element_type=\"container\" data-e-type=\"container\" data-settings=\"{&quot;ekit_has_onepagescroll_dot&quot;:&quot;yes&quot;}\">\n\t\t\t\t<div class=\"elementor-element elementor-element-24374019 elementor-widget elementor-widget-text-editor\" data-id=\"24374019\" data-element_type=\"widget\" data-e-type=\"widget\" data-settings=\"{&quot;ekit_we_effect_on&quot;:&quot;none&quot;}\" data-widget_type=\"text-editor.default\">\n\t\t\t\t\t\t\t\t\t<h2>Central Office<\/h2><div><div class=\"title ms-0\">IOSB\/ Metal \u0130\u015f Sanayi Sitesi 12A Blok No:38-40, 34306 Ba\u015fak\u015fehir \/ Istanbul<\/div><div class=\"details ms-0\"><div class=\"d-flex justify-content-between\">Telephone<strong>0212 588 64 74<\/strong><\/div><div class=\"d-flex justify-content-between\">WhatsApp<strong>553 191 38 97<\/strong><\/div><div class=\"d-flex justify-content-between\">Order<strong>553 191 38 97<\/strong><\/div><div class=\"d-flex justify-content-between\">E-Mail<strong>talep@bayrakcimetal.com.tr<\/strong><\/div><\/div><\/div>\t\t\t\t\t\t\t\t<\/div>\n\t\t\t\t<div class=\"elementor-element elementor-element-4777f307 elementor-widget elementor-widget-builty-button\" data-id=\"4777f307\" data-element_type=\"widget\" data-e-type=\"widget\" data-settings=\"{&quot;ekit_we_effect_on&quot;:&quot;none&quot;}\" data-widget_type=\"builty-button.default\">\n\t\t\t\t<div class=\"elementor-widget-container\">\n\t\t\t\t\t\n\t\t\t\t<a href=\"https:\/\/maps.google.com\/maps?saddr=Current+Location&#038;daddr=41.06948536402422,28.79888963558241\" class=\"theme-btn\">\n\t\t\t<span >\n\t\t\t\tDirections\t\t\t<\/span>\n\t\t\t<i class=\"fas fa-angle-double-right\"><\/i>\n\t\t<\/a>\n\t\t\n\t\t\t\t\t\t<\/div>\n\t\t\t\t<\/div>\n\t\t\t\t<\/div>\n\t\t\t\t<\/div>\n\t\t\t\t<\/div>\n\t\t\t\t<section class=\"elementor-section elementor-top-section elementor-element elementor-element-5313a3b1 elementor-section-full_width elementor-section-stretched elementor-section-height-default elementor-section-height-default\" data-id=\"5313a3b1\" data-element_type=\"section\" data-e-type=\"section\" data-settings=\"{&quot;stretch_section&quot;:&quot;section-stretched&quot;,&quot;ekit_has_onepagescroll_dot&quot;:&quot;yes&quot;}\">\n\t\t\t\t\t\t<div class=\"elementor-container elementor-column-gap-no\">\n\t\t\t\t\t<div class=\"elementor-column elementor-col-100 elementor-top-column elementor-element elementor-element-3a7c066e\" data-id=\"3a7c066e\" data-element_type=\"column\" data-e-type=\"column\" data-settings=\"{&quot;background_background&quot;:&quot;classic&quot;}\">\n\t\t\t<div class=\"elementor-widget-wrap elementor-element-populated\">\n\t\t\t\t\t\t<div class=\"elementor-element elementor-element-402ef18f elementor-widget elementor-widget-builty-locations\" data-id=\"402ef18f\" data-element_type=\"widget\" data-e-type=\"widget\" data-settings=\"{&quot;ekit_we_effect_on&quot;:&quot;none&quot;}\" data-widget_type=\"builty-locations.default\">\n\t\t\t\t<div class=\"elementor-widget-container\">\n\t\t\t\t\t\n\t\t<!-- Where We Work Start -->\n\t  <section class=\"gap where-we-work\">\n\t\t\t\t\t\t<div class=\"parallax\" style=\"background-image: url('https:\/\/santiyedonanimlari.com\/wp-content\/uploads\/2022\/09\/pattren-6.png');\"><\/div>\n\t\t\t\n\t\t\t<div class=\"container\">\n\t      <div class=\"row\">\n\t        <div class=\"col-lg-6\">\n\t\t\t\t\t\t\n\t          <div class=\"first\">\n\t\t\t\t\t\t\t\t\t\t\t\t\t\t<ul class=\"nav nav-tabs\" id=\"myTab\" role=\"tablist\">\n\t\t\t\t\t\t\t\t\t\t\t\t\t\t\t\t<li class=\"nav-item\" role=\"presentation\">\n\t                <button class=\"nav-link active\" id=\"tab-location-1\" data-bs-toggle=\"tab\" data-bs-target=\"#location-1\" type=\"button\" role=\"tab\" aria-controls=\"location-1\" aria-selected=\"true\">\n\t\t\t\t\t\t\t\t\t\t\n\t\t\t\t\t\t\t\t\t\tProduction Facility\t\t\t\t\t\t\t\t\t<\/button>\n\t              <\/li>\n\t\t\t\t\t\t\t\t\t\t\t\t\t\t\t\t<li class=\"nav-item\" role=\"presentation\">\n\t                <button class=\"nav-link\" id=\"tab-location-2\" data-bs-toggle=\"tab\" data-bs-target=\"#location-2\" type=\"button\" role=\"tab\" aria-controls=\"location-2\" aria-selected=\"true\">\n\t\t\t\t\t\t\t\t\t\t\n\t\t\t\t\t\t\t\t\t\tCentral Office\t\t\t\t\t\t\t\t\t<\/button>\n\t              <\/li>\n\t\t\t\t\t\t\t\t\t            <\/ul>\n\t\t\t\t\t\t\t\n\t\t\t\t\t\t\t\t            <div class=\"tab-content\" id=\"myTabContent\">\n\t\t\t\t\t\t\t\t\t              <div class=\"tab-pane fade show active\" id=\"location-1\" role=\"tabpanel\" aria-labelledby=\"tab-location-1\">\n\t\t\t\t\t\t\t\t\t<div class=\"tab-data\">\n\t\t\t\t\t\t\t\t\t\t\t\t\t\t\t\t\t\t\t\t\t\t\t\t\t\t\t\t\t  <figure>\n\t                    <img decoding=\"async\" src=\"https:\/\/santiyedonanimlari.com\/wp-content\/uploads\/2026\/01\/2.png\" alt=\"Map\">\n\t                  <\/figure>\n\t\t\t\t\t\t\t\t\t\t\n\t\t\t\t\t\t\t\t\t\t\t\t\t\t\t\t\t\t\t\t\t                <\/div>\n\t              <\/div>\n\t\t\t\t\t\t\t\t\t              <div class=\"tab-pane fade\" id=\"location-2\" role=\"tabpanel\" aria-labelledby=\"tab-location-2\">\n\t\t\t\t\t\t\t\t\t<div class=\"tab-data\">\n\t\t\t\t\t\t\t\t\t\t\t\t\t\t\t\t\t\t\t\t\t\t\t\t\t\t\t\t\t  <figure>\n\t                    <img decoding=\"async\" src=\"https:\/\/santiyedonanimlari.com\/wp-content\/uploads\/2026\/01\/1.png\" alt=\"Map\">\n\t                  <\/figure>\n\t\t\t\t\t\t\t\t\t\t\n\t\t\t\t\t\t\t\t\t\t\t\t\t\t\t\t\t\t\t\t\t                <\/div>\n\t              <\/div>\n\t\t\t\t\t\t\t\t\t            <\/div>\n\t\t\t\t\t\t\t\t          <\/div>\n\t        <\/div>\n\t        <div class=\"col-lg-6\">\n\t          <div class=\"second\">\n\t\t\t\t\t\t\t\t\t\t\t\t\t\t\t\t\t\t\t\t\t<div class=\"w-counter\">\n\t              <ul>\n\t\t\t\t\t\t\t\t\t\t                <li>\n\t\t\t\t\t\t\t\t\t\t\t                  <div class=\"h2\">\n\t\t\t\t\t\t\t\t\t\t\t<span >\n\t\t\t\t\t\t\t\t\t\t\t\t100%\t\t\t\t\t\t\t\t\t\t\t<\/span>\n\t\t\t\t\t\t\t\t\t\t<\/div>\n\t\t\t\t\t\t\t\t\t\t\t\t\t\t\t\t\t\t\t\t\t                  <p>\n\t\t\t\t\t\t\t\t\t\t\t<span >\n\t\t\t\t\t\t\t\t\t\t\t\tCustomer Satisfaction\t\t\t\t\t\t\t\t\t\t\t<\/span>\n\t\t\t\t\t\t\t\t\t\t<\/p>\n\t\t\t\t\t\t\t\t\t\t\t                <\/li>\n\t\t\t\t\t\t\t\t\t\t                <li>\n\t\t\t\t\t\t\t\t\t\t\t                  <div class=\"h2\">\n\t\t\t\t\t\t\t\t\t\t\t<span >\n\t\t\t\t\t\t\t\t\t\t\t\t700+\t\t\t\t\t\t\t\t\t\t\t<\/span>\n\t\t\t\t\t\t\t\t\t\t<\/div>\n\t\t\t\t\t\t\t\t\t\t\t\t\t\t\t\t\t\t\t\t\t                  <p>\n\t\t\t\t\t\t\t\t\t\t\t<span >\n\t\t\t\t\t\t\t\t\t\t\t\tCompleted Project\t\t\t\t\t\t\t\t\t\t\t<\/span>\n\t\t\t\t\t\t\t\t\t\t<\/p>\n\t\t\t\t\t\t\t\t\t\t\t                <\/li>\n\t\t\t\t\t\t\t\t\t\t              <\/ul>\n\t            <\/div>\n\t\t\t\t\t\t\t\t          <\/div>\n\t        <\/div>\n\t      <\/div>\n\t    <\/div>\n\t  <\/section>\n\t  <!-- Where We Work End -->\n\n\t\t\t\t\t\t<\/div>\n\t\t\t\t<\/div>\n\t\t\t\t\t<\/div>\n\t\t<\/div>\n\t\t\t\t\t<\/div>\n\t\t<\/section>\n\t\t\t\t<\/div>","protected":false},"excerpt":{"rendered":"<p>Our Dealers and Branches Production Facility Ortamand\u0131ra, Atatepe Sanayi Sitesi 26. Sokak, 10100 Alt\u0131eyl\u00fcl\/Bal\u0131kesirTelefon553 191 38 97WhatsApp553 191 38 97Order553 191 191... <span class=\"read-more\"><a href=\"https:\/\/santiyedonanimlari.com\/en\/our-dealers-and-branches\/\" class=\"theme-btn\"><span>Read more<\/span><i class=\"fas fa-angle-double-right\"><\/i><\/a><\/span><\/p>","protected":false},"author":1,"featured_media":0,"parent":0,"menu_order":0,"comment_status":"closed","ping_status":"closed","template":"","meta":{"_acf_changed":false,"inline_featured_image":false,"slim_seo":{"title":"Our Dealers and Branches - Safe and Durable Construction Site Equipment | Construction Site Equipment","description":"Our Dealers and Branches Production Facility Ortamand\u0131ra, Atatepe Sanayi Sitesi 26. Sokak, 10100 Alt\u0131eyl\u00fcl\/Bal\u0131kesir Phone 553 191 38 97 WhatsApp 553 191 38 97 Sip"},"footnotes":""},"class_list":["post-2902","page","type-page","status-publish","hentry"],"acf":[],"_hostinger_reach_plugin_has_subscription_block":false,"_hostinger_reach_plugin_is_elementor":false,"_links":{"self":[{"href":"https:\/\/santiyedonanimlari.com\/en\/wp-json\/wp\/v2\/pages\/2902","targetHints":{"allow":["GET"]}}],"collection":[{"href":"https:\/\/santiyedonanimlari.com\/en\/wp-json\/wp\/v2\/pages"}],"about":[{"href":"https:\/\/santiyedonanimlari.com\/en\/wp-json\/wp\/v2\/types\/page"}],"author":[{"embeddable":true,"href":"https:\/\/santiyedonanimlari.com\/en\/wp-json\/wp\/v2\/users\/1"}],"replies":[{"embeddable":true,"href":"https:\/\/santiyedonanimlari.com\/en\/wp-json\/wp\/v2\/comments?post=2902"}],"version-history":[{"count":0,"href":"https:\/\/santiyedonanimlari.com\/en\/wp-json\/wp\/v2\/pages\/2902\/revisions"}],"wp:attachment":[{"href":"https:\/\/santiyedonanimlari.com\/en\/wp-json\/wp\/v2\/media?parent=2902"}],"curies":[{"name":"wp","href":"https:\/\/api.w.org\/{rel}","templated":true}]}}