{"id":2759,"date":"2025-12-20T18:19:30","date_gmt":"2025-12-20T18:19:30","guid":{"rendered":"https:\/\/santiyedonanimlari.com\/?post_type=product&#038;p=2759"},"modified":"2026-01-30T08:33:26","modified_gmt":"2026-01-30T08:33:26","slug":"%d8%b9%d8%b1%d8%a8%d8%a9-%d9%86%d9%82%d9%84-%d8%a7%d9%84%d8%b7%d8%b1%d9%88%d8%af-%d8%ad%d9%84-%d9%86%d9%82%d9%84-%d9%85%d8%b1%d9%8a%d8%ad-%d9%88%d8%a2%d9%85%d9%86-%d9%84%d9%84%d8%a3%d8%ad%d9%85%d8%a7","status":"publish","type":"product","link":"https:\/\/santiyedonanimlari.com\/ar\/product\/%d8%b9%d8%b1%d8%a8%d8%a9-%d9%86%d9%82%d9%84-%d8%a7%d9%84%d8%b7%d8%b1%d9%88%d8%af-%d8%ad%d9%84-%d9%86%d9%82%d9%84-%d9%85%d8%b1%d9%8a%d8%ad-%d9%88%d8%a2%d9%85%d9%86-%d9%84%d9%84%d8%a3%d8%ad%d9%85%d8%a7\/","title":{"rendered":"\u0639\u0631\u0628\u0629 \u0646\u0642\u0644 \u0627\u0644\u0637\u0631\u0648\u062f - \u062d\u0644 \u0646\u0642\u0644 \u0645\u0631\u064a\u062d \u0648\u0622\u0645\u0646 \u0644\u0644\u0623\u062d\u0645\u0627\u0644 \u0627\u0644\u0643\u0628\u064a\u0631\u0629 \u0627\u0644\u062d\u062c\u0645"},"content":{"rendered":"<h1 style=\"font-size: 20px; font-weight: 600; margin-bottom: 10px; font-family: 'Poppins',Arial,sans-serif; color: #222;\">\u0646\u0638\u0627\u0645 \u0627\u0644\u0646\u0642\u0644 \u0627\u0644\u0622\u0645\u0646 \u0648\u0627\u0644\u0639\u0645\u0644\u064a \u0648\u0627\u0644\u0645\u0631\u064a\u062d \u0641\u064a \u0645\u0646\u0627\u0637\u0642 \u0627\u0644\u062a\u062e\u0632\u064a\u0646 \u0648\u0627\u0644\u062e\u062f\u0645\u0627\u062a \u0627\u0644\u0644\u0648\u062c\u0633\u062a\u064a\u0629<\/h1>\n<p style=\"font-size: 15px; margin-bottom: 12px; font-family: 'Poppins',Arial,sans-serif; color: #222;\"><strong>\u0639\u0631\u0628\u0629 \u0627\u0644\u0637\u0631\u0648\u062f<\/strong>, \u0647\u064a \u0639\u0628\u0627\u0631\u0629 \u0639\u0646 \u0645\u0639\u062f\u0627\u062a \u0645\u0646\u0627\u0648\u0644\u0629 \u0627\u062d\u062a\u0631\u0627\u0641\u064a\u0629 \u0645\u0635\u0645\u0645\u0629 \u0644\u062a\u0633\u0647\u064a\u0644 \u0646\u0642\u0644 \u0627\u0644\u0637\u0631\u0648\u062f \u0630\u0627\u062a \u0627\u0644\u0623\u062d\u062c\u0627\u0645 \u0627\u0644\u0645\u062e\u062a\u0644\u0641\u0629 \u0648\u0627\u0644\u0645\u0648\u0627\u062f \u0627\u0644\u0636\u062e\u0645\u0629 \u0648\u0627\u0644\u0645\u0646\u062a\u062c\u0627\u062a \u0627\u0644\u0645\u0639\u0628\u0623\u0629 \u0641\u064a \u0635\u0646\u0627\u062f\u064a\u0642 \u0641\u064a \u0627\u0644\u062a\u062e\u0632\u064a\u0646 \u0648\u0627\u0644\u0625\u0646\u062a\u0627\u062c \u0648\u0627\u0644\u062e\u062f\u0645\u0627\u062a \u0627\u0644\u0644\u0648\u062c\u0633\u062a\u064a\u0629. <strong>\u0628\u0627\u064a\u0631\u0627\u0643\u062c\u064a \u0645\u064a\u062a\u0627\u0644<\/strong> \u0635\u064f\u0645\u0645\u062a \u0647\u0630\u0647 \u0627\u0644\u0639\u0631\u0628\u0627\u062a \u0627\u0644\u062a\u064a \u062a\u0645 \u0625\u0646\u062a\u0627\u062c\u0647\u0627 \u0628\u0636\u0645\u0627\u0646 \u0645\u0639 \u0645\u0631\u0627\u0639\u0627\u0629 \u0631\u0627\u062d\u0629 \u0627\u0644\u0645\u0633\u062a\u062e\u062f\u0645 \u0648\u0627\u0644\u0633\u0644\u0627\u0645\u0629 \u0627\u0644\u0645\u0647\u0646\u064a\u0629. \u0648\u0647\u064a \u062a\u0648\u0641\u0631 \u0627\u0633\u062a\u062e\u062f\u0627\u0645\u0627\u064b \u0637\u0648\u064a\u0644 \u0627\u0644\u0623\u0645\u062f \u0648\u0645\u0648\u062b\u0648\u0642\u0627\u064b \u0628\u0641\u0636\u0644 \u0639\u0645\u0644\u064a\u0629 \u0627\u0644\u0625\u0646\u062a\u0627\u062c \u0627\u0644\u0645\u0639\u062a\u0645\u062f\u0629 \u0645\u0646 CE \u0648\u0647\u064a\u0643\u0644\u0647\u0627 \u0627\u0644\u0645\u0639\u062a\u0645\u062f \u0645\u0646 \u0642\u0628\u0644 \u0627\u0644\u0645\u0647\u0646\u062f\u0633\u064a\u0646.<\/p>\n<p style=\"font-size: 15px; margin-bottom: 12px; font-family: 'Poppins',Arial,sans-serif; color: #222;\">\u064a\u0645\u0643\u0646 \u0623\u0646 \u064a\u0634\u0643\u0644 \u0627\u0644\u062a\u0639\u0627\u0645\u0644 \u0627\u0644\u064a\u062f\u0648\u064a \u0645\u0639 \u0627\u0644\u0637\u0631\u0648\u062f \u0627\u0644\u062b\u0642\u064a\u0644\u0629 \u0648\u0627\u0644\u0636\u062e\u0645\u0629 \u062e\u0637\u0631\u064b\u0627 \u0643\u0628\u064a\u0631\u064b\u0627 \u0639\u0644\u0649 \u0635\u062d\u0629 \u0627\u0644\u0645\u0648\u0638\u0641\u064a\u0646. \u0639\u0631\u0628\u0627\u062a \u0646\u0642\u0644 \u0627\u0644\u0637\u0631\u0648\u062f\u060c \u0628\u0641\u0636\u0644 \u0647\u064a\u0643\u0644\u0647\u0627 \u0627\u0644\u0645\u0631\u064a\u062d <strong>\u064a\u0645\u0646\u0639 \u0625\u062c\u0647\u0627\u062f \u0627\u0644\u0641\u0642\u0631\u0627\u062a \u0627\u0644\u0642\u0637\u0646\u064a\u0629 \u0648\u0627\u0644\u0638\u0647\u0631<\/strong>, \u064a\u062d\u0645\u064a \u0635\u062d\u0629 \u0627\u0644\u0639\u0627\u0645\u0644\u064a\u0646 \u0648\u064a\u0642\u0644\u0644 \u0645\u0646 \u0645\u062e\u0627\u0637\u0631 \u0627\u0644\u062d\u0648\u0627\u062f\u062b \u0627\u0644\u0645\u0647\u0646\u064a\u0629. \u0648\u0641\u064a \u0627\u0644\u0648\u0642\u062a \u0646\u0641\u0633\u0647\u060c \u0645\u0646 \u062e\u0644\u0627\u0644 \u0627\u0644\u0633\u0645\u0627\u062d \u0628\u062d\u0645\u0644 \u0627\u0644\u0645\u0632\u064a\u062f \u0645\u0646 \u0627\u0644\u0623\u062d\u0645\u0627\u0644 \u0641\u064a \u0648\u0642\u062a \u0648\u0627\u062d\u062f <strong>\u062a\u0632\u064a\u062f \u0645\u0646 \u0643\u0641\u0627\u0621\u0629 \u0627\u0644\u0639\u0645\u0644<\/strong> \u0648\u062a\u0642\u0635\u064a\u0631 \u0648\u0642\u062a \u0627\u0644\u0639\u0645\u0644\u064a\u0629.<\/p>\n<p style=\"font-size: 15px; margin-bottom: 12px; font-family: 'Poppins',Arial,sans-serif; color: #222;\">%100 \u00e7elik g\u00f6vde yap\u0131s\u0131 ve kaynakl\u0131 ba\u011flant\u0131 sistemi, ta\u015f\u0131ma s\u0131ras\u0131nda sa\u011flaml\u0131k ve denge sa\u011flar. <strong>\u0646\u0638\u0627\u0645 \u0627\u0644\u0639\u062c\u0644\u0627\u062a \u0627\u0644\u062f\u0648\u0627\u0631\u0629 \u0648\u0627\u0644\u062b\u0627\u0628\u062a\u0629 \u0645\u0646 \u0627\u0644\u0646\u0648\u0639 \u0627\u0644\u0635\u0646\u0627\u0639\u064a<\/strong>, \u062a\u0648\u0641\u0631 \u0633\u0647\u0648\u0644\u0629 \u0627\u0644\u0645\u0646\u0627\u0648\u0631\u0629 \u0639\u0644\u0649 \u0623\u064a \u0633\u0637\u062d \u0648\u062a\u0639\u0645\u0644 \u0628\u0635\u0645\u062a. \u064a\u062a\u0648\u0641\u0631 \u0627\u0644\u0645\u0646\u062a\u062c \u0641\u064a <strong>\u0627\u0644\u062d\u062c\u0645\u060c \u0633\u0639\u0629 \u0627\u0644\u062d\u0645\u0648\u0644\u0629<\/strong> \u0648 <strong>\u0627\u0644\u0644\u0648\u0646<\/strong> \u064a\u0645\u0643\u0646 \u0625\u0646\u062a\u0627\u062c\u0647\u0627 \u0628\u062e\u064a\u0627\u0631\u0627\u062a. \u0647\u0630\u0627 \u0627\u0644\u0646\u0638\u0627\u0645 \u0627\u0644\u0630\u064a \u062a\u0645 \u062a\u0637\u0648\u064a\u0631\u0647 \u0628\u062c\u0648\u062f\u0629 \u0647\u0646\u062f\u0633\u064a\u0629 \u0639\u0627\u0644\u064a\u0629 \u0645\u0646 \u0628\u0627\u064a\u0631\u0627\u0643\u0633\u064a \u0645\u064a\u062a\u0627\u0644 \u0647\u0648 \u062d\u0644 \u0637\u0648\u064a\u0644 \u0627\u0644\u0623\u0645\u062f \u0648\u0645\u0646\u0627\u0633\u0628 \u0644\u0644\u0627\u0633\u062a\u062e\u062f\u0627\u0645 \u0627\u0644\u0635\u0646\u0627\u0639\u064a.<\/p>\n<h2 style=\"font-size: 17px; font-weight: 600; margin-top: 20px; margin-bottom: 8px; font-family: 'Poppins',Arial,sans-serif; color: #222;\">\u0627\u0644\u0645\u064a\u0632\u0627\u062a \u0648\u0645\u0632\u0627\u064a\u0627 \u0627\u0644\u0627\u0633\u062a\u062e\u062f\u0627\u0645<\/h2>\n<ul style=\"margin-left: 20px; font-size: 15px; font-family: 'Poppins',Arial,sans-serif; color: #222;\">\n<li><strong>\u0627\u0644\u0627\u0633\u062a\u062e\u062f\u0627\u0645 \u0627\u0644\u0645\u0642\u0635\u0648\u062f:<\/strong> \u0627\u0644\u0646\u0642\u0644 \u0627\u0644\u0622\u0645\u0646 \u0644\u0644\u0637\u0631\u0648\u062f \u0648\u0627\u0644\u0635\u0646\u0627\u062f\u064a\u0642 \u0648\u0627\u0644\u0645\u0648\u0627\u062f \u0627\u0644\u0636\u062e\u0645\u0629 \u0628\u0643\u0645\u064a\u0627\u062a \u0643\u0628\u064a\u0631\u0629.<\/li>\n<li><strong>\u0627\u0644\u0647\u064a\u0643\u0644:<\/strong> %100 \u00e7elik malzeme ile kaynakl\u0131, sa\u011flam ve dengeli g\u00f6vde yap\u0131s\u0131.<\/li>\n<li><strong>\u0628\u064a\u0626\u0629 \u0627\u0644\u0639\u0645\u0644:<\/strong> \u062a\u0642\u0644\u0644 \u0645\u0646 \u062d\u0645\u0644 \u0627\u0644\u062d\u0645\u0644 \u0648\u062a\u0645\u0646\u0639 \u0625\u062c\u0647\u0627\u062f \u0627\u0644\u062e\u0635\u0631 \u0648\u0627\u0644\u0638\u0647\u0631.<\/li>\n<li><strong>\u0646\u0638\u0627\u0645 \u0627\u0644\u0639\u062c\u0644\u0627\u062a:<\/strong> \u0633\u0647\u0648\u0644\u0629 \u0627\u0644\u0645\u0646\u0627\u0648\u0631\u0629 \u0645\u0639 \u0639\u062c\u0644\u0627\u062a \u062f\u0648\u0627\u0631\u0629 \u0648\u062b\u0627\u0628\u062a\u0629 \u0645\u0646 \u0627\u0644\u0646\u0648\u0639 \u0627\u0644\u0635\u0646\u0627\u0639\u064a.<\/li>\n<li><strong>\u0627\u0644\u062e\u0635\u062e\u0635\u0629:<\/strong> \u062e\u064a\u0627\u0631\u0627\u062a \u0627\u0644\u062d\u062c\u0645 \u0648\u0633\u0639\u0629 \u0627\u0644\u062d\u0645\u0648\u0644\u0629 \u0648\u0627\u0644\u0623\u0644\u0648\u0627\u0646 \u062d\u0633\u0628 \u0627\u0644\u0637\u0644\u0628.<\/li>\n<li><strong>\u0627\u0644\u0634\u0647\u0627\u062f\u0629:<\/strong> \u062d\u0627\u0635\u0644\u0629 \u0639\u0644\u0649 \u0634\u0647\u0627\u062f\u0629 CE\u060c \u0648\u0627\u062c\u062a\u0627\u0632\u062a \u0627\u0644\u0631\u0642\u0627\u0628\u0629 \u0627\u0644\u0647\u0646\u062f\u0633\u064a\u0629.<\/li>\n<\/ul>\n<h2 style=\"font-size: 17px; font-weight: 600; margin-top: 25px; margin-bottom: 8px; font-family: 'Poppins',Arial,sans-serif; color: #222;\">\u0644\u0645\u0627\u0630\u0627 \u064a\u062c\u0628 \u0639\u0644\u064a\u0643 \u0627\u0633\u062a\u062e\u062f\u0627\u0645 \u0639\u0631\u0628\u0629 \u0627\u0644\u0637\u0631\u0648\u062f\u061f<\/h2>\n<p style=\"font-size: 15px; margin-bottom: 12px; font-family: 'Poppins',Arial,sans-serif; color: #222;\">\u064a\u0645\u0643\u0646 \u0623\u0646 \u062a\u0624\u062b\u0631 \u0639\u0645\u0644\u064a\u0627\u062a \u0627\u0644\u0645\u0646\u0627\u0648\u0644\u0629 \u0627\u0644\u064a\u062f\u0648\u064a\u0629 \u0633\u0644\u0628\u064b\u0627 \u0639\u0644\u0649 \u0635\u062d\u0629 \u0627\u0644\u0645\u0648\u0638\u0641\u064a\u0646 \u0648\u0633\u0631\u0639\u0629 \u0627\u0644\u062a\u0634\u063a\u064a\u0644. <strong>\u0639\u0631\u0628\u0629 \u0627\u0644\u0637\u0631\u0648\u062f<\/strong>, \u064a\u062c\u0639\u0644 \u0647\u0630\u0647 \u0627\u0644\u0639\u0645\u0644\u064a\u0629 \u0622\u0645\u0646\u0629 \u0648\u0645\u0631\u064a\u062d\u0629 \u0641\u064a \u0622\u0646\u064d \u0648\u0627\u062d\u062f. \u0648\u0628\u0641\u0636\u0644 \u0642\u062f\u0631\u062a\u0647\u0627 \u0627\u0644\u0627\u0633\u062a\u064a\u0639\u0627\u0628\u064a\u0629 \u0627\u0644\u0639\u0627\u0644\u064a\u0629\u060c \u0641\u0625\u0646\u0647\u0627 \u062a\u0633\u0645\u062d \u0628\u0646\u0642\u0644 \u0639\u062f\u062f \u0643\u0628\u064a\u0631 \u0645\u0646 \u0627\u0644\u0637\u0631\u0648\u062f \u0641\u064a \u0648\u0642\u062a \u0648\u0627\u062d\u062f. \u064a\u0632\u064a\u0644 \u0647\u064a\u0643\u0644\u0647\u0627 \u0627\u0644\u0645\u062a\u0648\u0627\u0632\u0646 \u062e\u0637\u0631 \u0627\u0644\u0627\u0646\u0642\u0644\u0627\u0628 \u0648\u0627\u0644\u0627\u0646\u0632\u0644\u0627\u0642\u060c \u0628\u064a\u0646\u0645\u0627 \u064a\u0648\u0641\u0631 \u0646\u0638\u0627\u0645 \u0627\u0644\u0639\u062c\u0644\u0627\u062a \u062d\u0631\u0643\u0629 \u0645\u0631\u064a\u062d\u0629 \u0639\u0644\u0649 \u0623\u064a \u0633\u0637\u062d. \u0648\u0628\u0647\u0630\u0647 \u0627\u0644\u0637\u0631\u064a\u0642\u0629 \u064a\u062a\u0645 \u0636\u0645\u0627\u0646 \u0633\u0644\u0627\u0645\u0629 \u0627\u0644\u0645\u0648\u0638\u0641\u064a\u0646 \u0648\u0632\u064a\u0627\u062f\u0629 \u0625\u0646\u062a\u0627\u062c\u064a\u0629 \u0627\u0644\u0639\u0645\u0627\u0644\u0629 \u0641\u064a \u0627\u0644\u0634\u0631\u0643\u0627\u062a.<\/p>\n<h2 style=\"font-size: 17px; font-weight: 600; margin-top: 25px; margin-bottom: 8px; font-family: 'Poppins',Arial,sans-serif; color: #222;\">\u0646\u0642\u0644 \u0645\u0631\u064a\u062d \u0648\u0622\u0645\u0646 \u0645\u0639 \u062c\u0648\u062f\u0629 \u0645\u0639\u062f\u0646 \u0628\u0627\u064a\u0631\u0627\u0643\u062c\u064a \u0627\u0644\u0645\u0631\u064a\u062d \u0648\u0627\u0644\u0622\u0645\u0646<\/h2>\n<p style=\"font-size: 15px; margin-bottom: 12px; font-family: 'Poppins',Arial,sans-serif; color: #222;\"><strong>\u0628\u0627\u064a\u0631\u0627\u0643\u062c\u064a \u0645\u064a\u062a\u0627\u0644<\/strong>, \u062a\u062c\u0645\u0639 \u0628\u064a\u0646 \u0627\u0644\u062f\u0642\u0629 \u0627\u0644\u0647\u0646\u062f\u0633\u064a\u0629 \u0648\u0645\u0628\u0627\u062f\u0626 \u0633\u0644\u0627\u0645\u0629 \u0627\u0644\u0639\u0645\u0644 \u0641\u064a \u0627\u0644\u0625\u0646\u062a\u0627\u062c. \u064a\u062a\u0645 \u062a\u0635\u0646\u064a\u0639 \u0643\u0644 \u0639\u0631\u0628\u0629 \u0637\u0631\u062f \u0645\u0646 \u0627\u0644\u0641\u0648\u0644\u0627\u0630 \u0639\u0627\u0644\u064a \u0627\u0644\u0642\u0648\u0629 \u0648\u062a\u062e\u0636\u0639 \u0646\u0642\u0627\u0637 \u0627\u0644\u0644\u062d\u0627\u0645 \u0644\u0627\u062e\u062a\u0628\u0627\u0631\u0627\u062a \u0627\u0644\u0645\u062a\u0627\u0646\u0629. \u062a\u0636\u0645\u0646 \u0639\u0645\u0644\u064a\u0629 \u0627\u0644\u0625\u0646\u062a\u0627\u062c \u0627\u0644\u0645\u0639\u062a\u0645\u062f\u0629 \u0645\u0646 CE \u062a\u0633\u0644\u064a\u0645 \u0643\u0644 \u0645\u0646\u062a\u062c \u0625\u0644\u0649 \u0627\u0644\u0645\u064a\u062f\u0627\u0646 \u0648\u0641\u0642\u064b\u0627 \u0644\u0645\u0639\u0627\u064a\u064a\u0631 \u0627\u0644\u062c\u0648\u062f\u0629. \u064a\u0648\u0641\u0631 \u0637\u0644\u0627\u0621 \u0627\u0644\u0637\u0644\u0627\u0621 \u0627\u0644\u0635\u0646\u0627\u0639\u064a \u062d\u0645\u0627\u064a\u0629 \u0637\u0648\u064a\u0644\u0629 \u0627\u0644\u0623\u0645\u062f \u0636\u062f \u0627\u0644\u062a\u0622\u0643\u0644. \u0628\u0641\u0636\u0644 \u0645\u062a\u0627\u0646\u062a\u0647\u0627\u060c \u0648\u0647\u064a\u0643\u0644\u0647\u0627 \u0627\u0644\u0645\u0631\u064a\u062d \u0648\u0642\u062f\u0631\u062a\u0647\u0627 \u0639\u0644\u0649 \u0627\u0644\u0646\u0642\u0644 \u0627\u0644\u0622\u0645\u0646\u060c \u0641\u0625\u0646 \u0639\u0631\u0628\u0627\u062a \u0627\u0644\u0637\u0631\u0648\u062f \u0627\u0644\u0645\u0639\u062f\u0646\u064a\u0629 \u0645\u0646 \u0628\u0627\u064a\u0631\u0627\u0643\u0633\u064a \u0647\u064a \u0627\u0644\u062e\u064a\u0627\u0631 \u0627\u0644\u0623\u0648\u0644 \u0644\u0644\u0645\u062d\u062a\u0631\u0641\u064a\u0646 \u0641\u064a \u062c\u0645\u064a\u0639 \u0627\u0644\u0645\u062c\u0627\u0644\u0627\u062a \u0628\u062f\u0621\u064b\u0627 \u0645\u0646 \u0627\u0644\u062e\u062f\u0645\u0627\u062a \u0627\u0644\u0644\u0648\u062c\u0633\u062a\u064a\u0629 \u0648\u062d\u062a\u0649 \u0627\u0644\u0625\u0646\u062a\u0627\u062c.<\/p>","protected":false},"excerpt":{"rendered":"<p>%100 \u00e7elik konstr\u00fcksiyon g\u00f6vdesi ve g\u00fc\u00e7lendirilmi\u015f kaynak noktalar\u0131yla a\u011f\u0131r hizmet ko\u015fullar\u0131na uygun ta\u015f\u0131ma ekipman\u0131d\u0131r. Dar alanlarda y\u00fcksek manevra kabiliyeti sa\u011flayan tasar\u0131m\u0131 ve CE sertifikal\u0131 g\u00fcvenilir yap\u0131s\u0131yla, sevkiyat ve depolama s\u00fcre\u00e7lerini optimize eder.<\/p>","protected":false},"featured_media":2654,"template":"","meta":{"_acf_changed":false,"inline_featured_image":false,"slim_seo":{"title":"\u0639\u0631\u0628\u0629 \u0646\u0642\u0644 \u0627\u0644\u0637\u0631\u0648\u062f - \u062d\u0644 \u0646\u0642\u0644 \u0645\u0631\u064a\u062d \u0648\u0622\u0645\u0646 \u0644\u0644\u0623\u062d\u0645\u0627\u0644 \u0627\u0644\u0643\u0628\u064a\u0631\u0629 \u0627\u0644\u062d\u062c\u0645","description":"0 \u0647\u064a\u0643\u0644 \u0645\u0635\u0646\u0648\u0639 \u0645\u0646 \u0627\u0644\u0635\u0644\u0628 0 \u0647\u064a\u0643\u0644 \u0645\u0635\u0646\u0648\u0639 \u0645\u0646 \u0627\u0644\u0635\u0644\u0628 \u0648\u0646\u0642\u0627\u0637 \u0644\u062d\u0627\u0645 \u0645\u0639\u0632\u0632\u0629 \u0644\u0645\u0639\u062f\u0627\u062a \u0627\u0644\u0646\u0642\u0644 \u0627\u0644\u062b\u0642\u064a\u0644\u0629."}},"product_brand":[50],"product_cat":[42],"product_tag":[],"class_list":{"0":"post-2759","1":"product","2":"type-product","3":"status-publish","4":"has-post-thumbnail","6":"product_brand-bayrakci-metal","7":"product_cat-santiye-arabalari","9":"first","10":"instock","11":"shipping-taxable","12":"product-type-simple"},"acf":[],"_links":{"self":[{"href":"https:\/\/santiyedonanimlari.com\/ar\/wp-json\/wp\/v2\/product\/2759","targetHints":{"allow":["GET"]}}],"collection":[{"href":"https:\/\/santiyedonanimlari.com\/ar\/wp-json\/wp\/v2\/product"}],"about":[{"href":"https:\/\/santiyedonanimlari.com\/ar\/wp-json\/wp\/v2\/types\/product"}],"version-history":[{"count":0,"href":"https:\/\/santiyedonanimlari.com\/ar\/wp-json\/wp\/v2\/product\/2759\/revisions"}],"wp:featuredmedia":[{"embeddable":true,"href":"https:\/\/santiyedonanimlari.com\/ar\/wp-json\/wp\/v2\/media\/2654"}],"wp:attachment":[{"href":"https:\/\/santiyedonanimlari.com\/ar\/wp-json\/wp\/v2\/media?parent=2759"}],"wp:term":[{"taxonomy":"product_brand","embeddable":true,"href":"https:\/\/santiyedonanimlari.com\/ar\/wp-json\/wp\/v2\/product_brand?post=2759"},{"taxonomy":"product_cat","embeddable":true,"href":"https:\/\/santiyedonanimlari.com\/ar\/wp-json\/wp\/v2\/product_cat?post=2759"},{"taxonomy":"product_tag","embeddable":true,"href":"https:\/\/santiyedonanimlari.com\/ar\/wp-json\/wp\/v2\/product_tag?post=2759"}],"curies":[{"name":"\u062f\u0628\u0644\u064a\u0648 \u0628\u064a","href":"https:\/\/api.w.org\/{rel}","templated":true}]}}