{"id":2755,"date":"2025-12-20T18:15:44","date_gmt":"2025-12-20T18:15:44","guid":{"rendered":"https:\/\/santiyedonanimlari.com\/?post_type=product&#038;p=2755"},"modified":"2026-02-19T12:25:01","modified_gmt":"2026-02-19T12:25:01","slug":"%d9%85%d9%86%d8%b5%d8%a9-%d8%a7%d9%84%d8%b1%d9%81%d8%b9-%d9%85%d9%86%d8%b5%d8%a9-%d8%a5%d8%b2%d8%a7%d9%84%d8%a9-%d8%a7%d9%84%d9%85%d9%88%d8%a7%d8%af","status":"publish","type":"product","link":"https:\/\/santiyedonanimlari.com\/ar\/product\/%d9%85%d9%86%d8%b5%d8%a9-%d8%a7%d9%84%d8%b1%d9%81%d8%b9-%d9%85%d9%86%d8%b5%d8%a9-%d8%a5%d8%b2%d8%a7%d9%84%d8%a9-%d8%a7%d9%84%d9%85%d9%88%d8%a7%d8%af\/","title":{"rendered":"\u0645\u0646\u0635\u0629 \u0627\u0644\u062a\u062d\u0645\u064a\u0644 (\u0645\u0646\u0635\u0629 \u0627\u0633\u062a\u062e\u0631\u0627\u062c \u0627\u0644\u0645\u0648\u0627\u062f)"},"content":{"rendered":"<h1 style=\"font-size: 20px; font-weight: 600; margin-bottom: 10px; font-family: 'Poppins',Arial,sans-serif; color: #222;\">\u062d\u0644 \u0622\u0645\u0646 \u0648\u0639\u0645\u0644\u064a \u0648\u0645\u062a\u064a\u0646 \u0644\u0646\u0642\u0644 \u0627\u0644\u0645\u0648\u0627\u062f \u0641\u064a \u0645\u0648\u0627\u0642\u0639 \u0627\u0644\u0625\u0646\u0634\u0627\u0621\u0627\u062a<\/h1>\n<p style=\"font-size: 15px; margin-bottom: 12px; font-family: 'Poppins',Arial,sans-serif; color: #222;\"><strong>\u0645\u0646\u0635\u0629 \u0627\u0644\u062a\u062d\u0645\u064a\u0644<\/strong>, \u0647\u0648 \u0639\u0628\u0627\u0631\u0629 \u0639\u0646 \u0645\u0639\u062f\u0627\u062a \u0645\u062a\u064a\u0646\u0629 \u0641\u064a \u0645\u0648\u0627\u0642\u0639 \u0627\u0644\u0628\u0646\u0627\u0621 \u0645\u0635\u0645\u0645\u0629 \u0644\u0646\u0642\u0644 \u0627\u0644\u0645\u0648\u0627\u062f \u0625\u0644\u0649 \u0627\u0644\u0637\u0648\u0627\u0628\u0642 \u0627\u0644\u0639\u0644\u064a\u0627 \u0628\u0633\u0631\u0639\u0629 \u0648\u0623\u0645\u0627\u0646 \u0648\u0627\u0646\u062a\u0638\u0627\u0645 \u0628\u0627\u0633\u062a\u062e\u062f\u0627\u0645 \u0627\u0644\u0631\u0627\u0641\u0639\u0627\u062a \u0627\u0644\u0628\u0631\u062c\u064a\u0629 \u0641\u064a \u0645\u0648\u0627\u0642\u0639 \u0627\u0644\u0628\u0646\u0627\u0621. \u0647\u0630\u0627 \u0627\u0644\u0646\u0638\u0627\u0645 \u0645\u0646 \u0625\u0646\u062a\u0627\u062c \u0634\u0631\u0643\u0629 \u0628\u0627\u064a\u0631\u0627\u0643\u062c\u064a \u0644\u0644\u0645\u0639\u0627\u062f\u0646, <strong>\u0627\u0644\u0623\u0633\u0645\u0646\u062a \u0623\u0648 \u0627\u0644\u0637\u0648\u0628 \u0623\u0648 \u0627\u0644\u062c\u0635 \u0623\u0648 \u0627\u0644\u062c\u0635 \u0623\u0648 \u0627\u0644\u0633\u064a\u0631\u0627\u0645\u064a\u0643 \u0623\u0648 \u0645\u0648\u0627\u062f \u0627\u0644\u0628\u0646\u0627\u0621 \u0627\u0644\u0645\u0646\u0642\u0648\u0644\u0629<\/strong> gibi \u00fcr\u00fcnlerin kolay ve dengeli \u015fekilde ta\u015f\u0131nmas\u0131n\u0131 sa\u011flar. %100 \u00e7elik yap\u0131s\u0131, <strong>\u0646\u0638\u0627\u0645 \u062f\u0639\u0627\u0645\u0629 \u062a\u0644\u0633\u0643\u0648\u0628\u064a\u0629<\/strong> \u0648\u0628\u0641\u0636\u0644 \u062a\u0635\u0645\u064a\u0645 \u0627\u0644\u0645\u0646\u0635\u0629 \u0627\u0644\u0630\u064a \u064a\u062a\u0632\u0627\u0645\u0646 \u0645\u0639 \u0627\u0644\u0623\u0631\u0636\u064a\u0629 \u0648\u0628\u0646\u0641\u0633 \u0645\u0633\u062a\u0648\u0649 \u0627\u0644\u0623\u0631\u0636\u064a\u0629\u060c \u0641\u0625\u0646\u0647 \u064a\u0644\u063a\u064a \u0627\u0644\u062d\u0627\u062c\u0629 \u0625\u0644\u0649 \u0627\u0644\u0645\u0646\u062d\u062f\u0631\u0627\u062a \u0648\u064a\u0633\u0631\u0651\u0639 \u0645\u0646 \u062a\u062f\u0641\u0642 \u0627\u0644\u0645\u0648\u0627\u062f.<\/p>\n<p style=\"font-size: 15px; margin-bottom: 12px; font-family: 'Poppins',Arial,sans-serif; color: #222;\">\u064a\u0645\u0643\u0646 \u0627\u0633\u062a\u062e\u062f\u0627\u0645 \u062a\u0635\u0645\u064a\u0645 \u0627\u0644\u0645\u0646\u0635\u0629 \u0645\u0646 \u062e\u0644\u0627\u0644 \u062a\u062b\u0628\u064a\u062a\u0647\u0627 \u0641\u064a \u0627\u0644\u0637\u0627\u0628\u0642 \u0627\u0644\u0639\u0644\u0648\u064a \u0628\u0645\u0633\u0627\u0639\u062f\u0629 \u0631\u0627\u0641\u0639\u0629. \u062a\u062a\u064a\u062d \u0623\u0631\u0636\u064a\u062a\u0647\u0627\u060c \u0627\u0644\u062a\u064a \u062a\u0648\u0641\u0631 \u0627\u0631\u062a\u0641\u0627\u0639\u064b\u0627 \u0635\u0641\u0631\u064a\u064b\u0627 \u0625\u0644\u0649 \u0645\u0633\u062a\u0648\u0649 \u0627\u0644\u0623\u0631\u0636\u064a\u0629\u060c \u0625\u0645\u0643\u0627\u0646\u064a\u0629 \u062f\u062e\u0648\u0644 \u0627\u0644\u0645\u0648\u0627\u062f \u0628\u0627\u0633\u062a\u062e\u062f\u0627\u0645 \u0645\u0639\u062f\u0627\u062a \u0645\u062b\u0644 \u0634\u0627\u062d\u0646\u0627\u062a \u0627\u0644\u0645\u0646\u0635\u0627\u062a \u0627\u0644\u0646\u0642\u0627\u0644\u0629 \u0623\u0648 \u0627\u0644\u0631\u0627\u0641\u0639\u0627\u062a \u0627\u0644\u0634\u0648\u0643\u064a\u0629. \u062a\u0648\u0641\u0631 \u0647\u0630\u0647 \u0627\u0644\u0645\u064a\u0632\u0629 \u0627\u0644\u0648\u0642\u062a \u0648\u062a\u0642\u0644\u0644 \u0645\u0646 \u0627\u0644\u0645\u062e\u0627\u0637\u0631 \u0645\u0646 \u062d\u064a\u062b \u0627\u0644\u0633\u0644\u0627\u0645\u0629 \u0627\u0644\u0645\u0647\u0646\u064a\u0629. <strong>\u0646\u0638\u0627\u0645 \u062f\u0631\u0627\u0628\u0632\u064a\u0646 \u0642\u0627\u0628\u0644 \u0644\u0644\u0637\u064a \u0648\u0627\u0644\u0641\u0635\u0644<\/strong> \u0648\u0647\u0630\u0627 \u0644\u0627 \u064a\u0632\u064a\u062f \u0645\u0646 \u0633\u0644\u0627\u0645\u0629 \u0627\u0644\u0623\u0641\u0631\u0627\u062f \u0641\u062d\u0633\u0628\u060c \u0628\u0644 \u064a\u0633\u0647\u0644 \u0623\u064a\u0636\u0627\u064b \u0646\u0642\u0644 \u0627\u0644\u0645\u0646\u0635\u0629 \u0648\u062a\u062e\u0632\u064a\u0646\u0647\u0627.<\/p>\n<p style=\"font-size: 15px; margin-bottom: 12px; font-family: 'Poppins',Arial,sans-serif; color: #222;\">\u0644\u0642\u062f \u062a\u0645 \u062a\u0637\u0648\u064a\u0631 \u0645\u0646\u0635\u0627\u062a \u0627\u0644\u062a\u062d\u0645\u064a\u0644 \u0627\u0644\u062a\u064a \u062a\u0645 \u0625\u0646\u062a\u0627\u062c\u0647\u0627 \u0628\u0627\u0644\u0642\u062f\u0631\u0629 \u0627\u0644\u0647\u0646\u062f\u0633\u064a\u0629 \u0644\u0634\u0631\u0643\u0629 Bayrakkc\u0131 Metal \u0644\u062a\u0648\u0641\u064a\u0631 \u0627\u0633\u062a\u062e\u062f\u0627\u0645 \u0637\u0648\u064a\u0644 \u0627\u0644\u0623\u0645\u062f \u0648\u0623\u0642\u0635\u0649 \u0642\u062f\u0631 \u0645\u0646 \u0627\u0644\u0643\u0641\u0627\u0621\u0629. \u0628\u0635\u0631\u0641 \u0627\u0644\u0646\u0638\u0631 \u0639\u0646 \u0627\u0644\u0623\u0628\u0639\u0627\u062f \u0627\u0644\u0642\u064a\u0627\u0633\u064a\u0629\u060c \u064a\u0645\u0643\u0646 \u0625\u0646\u062a\u0627\u062c \u0623\u0628\u0639\u0627\u062f \u0648\u0633\u0639\u0627\u062a \u062a\u062d\u0645\u064a\u0644 \u062e\u0627\u0635\u0629 \u062d\u0633\u0628 \u0627\u0644\u0645\u0634\u0631\u0648\u0639. \u064a\u062a\u0645 \u062a\u0642\u062f\u064a\u0645 \u0643\u0644 \u0645\u0646\u062a\u062c \u0628\u0637\u0628\u0642\u0627\u062a \u0633\u0637\u062d\u064a\u0629 \u0645\u062c\u0644\u0641\u0646\u0629 \u0623\u0648 \u0645\u0637\u0644\u064a\u0629 \u0635\u0646\u0627\u0639\u064a\u064b\u0627 \u0645\u0642\u0627\u0648\u0645\u0629 \u0644\u0644\u0638\u0631\u0648\u0641 \u0627\u0644\u0645\u064a\u062f\u0627\u0646\u064a\u0629.<\/p>\n<h2 style=\"font-size: 17px; font-weight: 600; margin-top: 20px; margin-bottom: 8px; font-family: 'Poppins',Arial,sans-serif; color: #222;\">\u0627\u0644\u0645\u064a\u0632\u0627\u062a \u0648\u0645\u0632\u0627\u064a\u0627 \u0627\u0644\u0627\u0633\u062a\u062e\u062f\u0627\u0645<\/h2>\n<ul style=\"margin-left: 20px; font-size: 15px; font-family: 'Poppins',Arial,sans-serif; color: #222;\">\n<li><strong>\u0627\u0644\u0627\u0633\u062a\u062e\u062f\u0627\u0645 \u0627\u0644\u0645\u0642\u0635\u0648\u062f:<\/strong> \u062d\u0645\u0644 \u0627\u0644\u0645\u0648\u0627\u062f \u0625\u0644\u0649 \u0627\u0644\u0637\u0648\u0627\u0628\u0642 \u0627\u0644\u0639\u0644\u064a\u0627 \u0639\u0646 \u0637\u0631\u064a\u0642 \u0631\u0627\u0641\u0639\u0629 \u0628\u0631\u062c\u064a\u0629 \u0641\u064a \u0645\u0648\u0627\u0642\u0639 \u0627\u0644\u0625\u0646\u0634\u0627\u0621\u0627\u062a.<\/li>\n<li><strong>\u0627\u0644\u0647\u064a\u0643\u0644:<\/strong> %100 \u00e7elik malzeme, uzun \u00f6m\u00fcrl\u00fc ve tekrar kullan\u0131labilir sistem.<\/li>\n<li><strong>\u0627\u0644\u062a\u062c\u0645\u064a\u0639:<\/strong> \u064a\u0645\u0643\u0646 \u062a\u0643\u064a\u064a\u0641\u0647\u0627 \u0645\u0639 \u0627\u0631\u062a\u0641\u0627\u0639 \u0627\u0644\u0623\u0631\u0636\u064a\u0629 \u0628\u0627\u0633\u062a\u062e\u062f\u0627\u0645 \u0623\u0631\u062c\u0644 \u062a\u0644\u0633\u0643\u0648\u0628\u064a\u0629.<\/li>\n<li><strong>\u0627\u0644\u062a\u0631\u0643\u064a\u0628:<\/strong> \u062a\u0631\u0643\u064a\u0628 \u0633\u0631\u064a\u0639 \u0628\u0645\u0633\u0627\u0639\u062f\u0629 \u0631\u0627\u0641\u0639\u0629 \u0648\u062a\u0631\u0643\u064a\u0628 \u062b\u0627\u0628\u062a \u0641\u064a \u0643\u0644 \u0637\u0627\u0628\u0642.<\/li>\n<li><strong>\u0627\u0644\u0637\u0627\u0628\u0642 \u0627\u0644\u0623\u0631\u0636\u064a:<\/strong> \u0627\u0631\u062a\u0641\u0627\u0639 \u0635\u0641\u0631 \u0625\u0644\u0649 \u0645\u0633\u062a\u0648\u0649 \u0627\u0644\u0623\u0631\u0636 - \u0644\u0627 \u064a\u0644\u0632\u0645 \u0648\u062c\u0648\u062f \u0645\u0646\u062d\u062f\u0631.<\/li>\n<li><strong>\u0633\u0647\u0648\u0644\u0629 \u0627\u0644\u062a\u062d\u0645\u064a\u0644:<\/strong> \u062a\u0635\u0645\u064a\u0645 \u0645\u0646\u0627\u0633\u0628 \u0644\u0644\u0648\u0635\u0648\u0644 \u0625\u0644\u064a\u0647\u0627 \u0628\u0648\u0627\u0633\u0637\u0629 \u0634\u0627\u062d\u0646\u0629 \u0646\u0642\u0627\u0644\u0629.<\/li>\n<li><strong>\u0627\u0644\u062f\u0631\u0627\u0628\u0632\u064a\u0646\u0627\u062a<\/strong> \u0623\u0642\u0635\u0649 \u062f\u0631\u062c\u0627\u062a \u0627\u0644\u0623\u0645\u0627\u0646 \u0645\u0639 \u062f\u0631\u0627\u0628\u0632\u064a\u0646 \u0623\u0645\u0627\u0646 \u0642\u0627\u0628\u0644 \u0644\u0644\u0637\u064a \u0648\u0627\u0644\u0641\u0643.<\/li>\n<\/ul>\n<h2 style=\"font-size: 17px; font-weight: 600; margin-top: 25px; margin-bottom: 8px; font-family: 'Poppins',Arial,sans-serif; color: #222;\">\u0644\u0645\u0627\u0630\u0627 \u0627\u0633\u062a\u062e\u062f\u0627\u0645 \u0645\u0646\u0635\u0629 \u0627\u0644\u062a\u062d\u0645\u064a\u0644\u061f<\/h2>\n<p style=\"font-size: 15px; margin-bottom: 12px; font-family: 'Poppins',Arial,sans-serif; color: #222;\">\u062a\u064f\u0639\u062f \u0645\u0646\u0635\u0629 \u0627\u0644\u062a\u062d\u0645\u064a\u0644 \u0623\u062d\u062f \u0623\u0643\u062b\u0631 \u0627\u0644\u0623\u0646\u0638\u0645\u0629 \u0641\u0639\u0627\u0644\u064a\u0629 \u0641\u064a \u062a\u0648\u0641\u064a\u0631 \u0627\u0644\u0648\u0642\u062a \u0648\u062a\u0645\u0643\u064a\u0646 \u0627\u0644\u0646\u0642\u0644 \u0627\u0644\u0622\u0645\u0646 \u0644\u0644\u0645\u0648\u0627\u062f \u0641\u064a \u0645\u0648\u0627\u0642\u0639 \u0627\u0644\u0628\u0646\u0627\u0621. \u062a\u0633\u0645\u062d \u0647\u0630\u0647 \u0627\u0644\u0645\u0646\u0635\u0629\u060c \u0627\u0644\u062a\u064a \u062a\u0639\u0645\u0644 \u0628\u0634\u0643\u0644 \u0645\u062a\u0643\u0627\u0645\u0644 \u0645\u0639 \u0627\u0644\u0631\u0627\u0641\u0639\u0629 \u0627\u0644\u0628\u0631\u062c\u064a\u0629 \u062f\u0648\u0646 \u0627\u0644\u062d\u0627\u062c\u0629 \u0625\u0644\u0649 \u0645\u0646\u062d\u062f\u0631\u0627\u062a \u0623\u0648 \u0623\u0646\u0638\u0645\u0629 \u0646\u0642\u0644 \u0645\u0624\u0642\u062a\u0629\u060c \u0628\u0646\u0642\u0644 \u0627\u0644\u0645\u0648\u0627\u062f \u0645\u0628\u0627\u0634\u0631\u0629\u064b \u0625\u0644\u0649 \u0627\u0644\u0623\u0631\u0636\u064a\u0629 \u0627\u0644\u0645\u0633\u062a\u0647\u062f\u0641\u0629. \u0648\u0628\u0627\u0644\u0625\u0636\u0627\u0641\u0629 \u0625\u0644\u0649 \u0630\u0644\u0643\u060c \u0648\u0628\u0641\u0636\u0644 \u0627\u0644\u0647\u064a\u0643\u0644 \u0627\u0644\u0645\u062d\u0627\u0630\u064a \u062a\u0645\u0627\u0645\u0627\u064b \u0644\u0644\u0645\u0646\u0635\u0629 \u0625\u0644\u0649 \u0645\u0633\u062a\u0648\u0649 \u0627\u0644\u0623\u0631\u0636\u064a\u0629\u060c \u064a\u0645\u0643\u0646 \u0627\u0644\u062f\u062e\u0648\u0644 \u0627\u0644\u0645\u0628\u0627\u0634\u0631 \u0628\u0634\u0627\u062d\u0646\u0629 \u0627\u0644\u0645\u0646\u0635\u0627\u062a \u0627\u0644\u0646\u0642\u0627\u0644\u0629. \u0648\u0647\u0630\u0627 \u064a\u0645\u0646\u0639 \u0641\u0642\u062f\u0627\u0646 \u0627\u0644\u0645\u0648\u0627\u062f \u0648\u064a\u0632\u064a\u062f \u0645\u0646 \u0625\u0646\u062a\u0627\u062c\u064a\u0629 \u0627\u0644\u0639\u0645\u0627\u0644\u0629.<\/p>\n<h2 style=\"font-size: 17px; font-weight: 600; margin-top: 25px; margin-bottom: 8px; font-family: 'Poppins',Arial,sans-serif; color: #222;\">\u0647\u064a\u0643\u0644 \u0622\u0645\u0646 \u0648\u064a\u062f\u0648\u0645 \u0637\u0648\u064a\u0644\u0627\u064b \u0628\u062c\u0648\u062f\u0629 \u0645\u0639\u062f\u0646 \u0628\u0627\u064a\u0631\u0627\u0643\u0633\u064a<\/h2>\n<p style=\"font-size: 15px; margin-bottom: 12px; font-family: 'Poppins',Arial,sans-serif; color: #222;\"><strong>\u0628\u0627\u064a\u0631\u0627\u0643\u062c\u064a \u0645\u064a\u062a\u0627\u0644<\/strong>, \u062a\u0639\u0637\u064a \u0627\u0644\u0623\u0648\u0644\u0648\u064a\u0629 \u0644\u0644\u0633\u0644\u0627\u0645\u0629 \u0648\u0627\u0644\u0645\u062a\u0627\u0646\u0629 \u0641\u064a \u0639\u0645\u0644\u064a\u0629 \u0627\u0644\u0625\u0646\u062a\u0627\u062c. \u064a\u062a\u0645 \u062a\u0635\u0646\u064a\u0639 \u0643\u0644 \u0645\u0646\u0635\u0629 \u062a\u062d\u0645\u064a\u0644 \u0645\u0646 \u0645\u0642\u0627\u0637\u0639 \u0641\u0648\u0644\u0627\u0630\u064a\u0629 \u0639\u0627\u0644\u064a\u0629 \u0627\u0644\u0642\u0648\u0629 \u0648\u064a\u062a\u0645 \u0627\u062e\u062a\u0628\u0627\u0631 \u0642\u0648\u0629 \u0627\u0644\u0644\u062d\u0627\u0645 \u0648\u0627\u0639\u062a\u0645\u0627\u062f\u0647\u0627. \u064a\u062a\u0645 \u062a\u0639\u0632\u064a\u0632 \u062c\u0645\u064a\u0639 \u0646\u0642\u0627\u0637 \u0627\u0644\u062a\u0648\u0635\u064a\u0644 \u0648\u0641\u0642\u0627\u064b \u0644\u0645\u0639\u0627\u064a\u064a\u0631 \u062a\u062d\u0645\u0644 \u0627\u0644\u0623\u062d\u0645\u0627\u0644 \u0627\u0644\u062b\u0642\u064a\u0644\u0629. \u064a\u062a\u0645 \u062a\u0648\u0641\u064a\u0631 \u062d\u0645\u0627\u064a\u0629 \u0637\u0648\u064a\u0644\u0629 \u0627\u0644\u0623\u0645\u062f \u0636\u062f \u0627\u0644\u0638\u0631\u0648\u0641 \u0627\u0644\u062e\u0627\u0631\u062c\u064a\u0629 \u0645\u0646 \u062e\u0644\u0627\u0644 \u062e\u064a\u0627\u0631\u0627\u062a \u0627\u0644\u0637\u0644\u0627\u0621 \u0627\u0644\u0635\u0646\u0627\u0639\u064a \u0623\u0648 \u0627\u0644\u0637\u0644\u0627\u0621 \u0627\u0644\u0645\u062c\u0644\u0641\u0646. \u0648\u0628\u0647\u0630\u0647 \u0627\u0644\u0637\u0631\u064a\u0642\u0629\u060c \u062a\u062d\u0627\u0641\u0638 \u0627\u0644\u0645\u0646\u0635\u0627\u062a \u0639\u0644\u0649 \u0633\u0644\u0627\u0645\u062a\u0647\u0627 \u0627\u0644\u0647\u064a\u0643\u0644\u064a\u0629 \u062d\u062a\u0649 \u0644\u0648 \u062a\u0645 \u062a\u0641\u0643\u064a\u0643\u0647\u0627 \u0648\u062a\u062c\u0645\u064a\u0639\u0647\u0627 \u0639\u062f\u0629 \u0645\u0631\u0627\u062a. \u062a\u0636\u0645\u0646 \u062c\u0648\u062f\u0629 \u0628\u0627\u064a\u0631\u0627\u0643\u0633\u064a \u0644\u0644\u0645\u0639\u0627\u062f\u0646 \u0639\u0645\u0644\u064a\u0629 \u0646\u0642\u0644 \u0622\u0645\u0646\u0629 \u0648\u0641\u0639\u0627\u0644\u0629 \u0644\u0644\u0645\u0648\u0627\u062f \u0641\u064a \u0643\u0644 \u0645\u0634\u0631\u0648\u0639.<\/p>","protected":false},"excerpt":{"rendered":"<p>\u0648\u0647\u064a \u0639\u0628\u0627\u0631\u0629 \u0639\u0646 \u0645\u0646\u0635\u0629 \u0641\u0648\u0644\u0627\u0630\u064a\u0629 \u0630\u0627\u062a \u0647\u064a\u0643\u0644 \u0623\u0631\u0636\u064a \u0635\u0641\u0631\u064a \u0639\u0644\u0649 \u0645\u0633\u062a\u0648\u0649 \u0627\u0644\u0623\u0631\u0636\u064a\u0629 \u062a\u0639\u0645\u0644 \u0639\u0644\u0649 \u062a\u0633\u0631\u064a\u0639 \u0646\u0642\u0644 \u0627\u0644\u0645\u0648\u0627\u062f \u0625\u0644\u0649 \u0627\u0644\u0637\u0648\u0627\u0628\u0642 \u0627\u0644\u0639\u0644\u064a\u0627 \u0639\u0646 \u0637\u0631\u064a\u0642 \u0627\u0644\u0631\u0627\u0641\u0639\u0629 \u0627\u0644\u0628\u0631\u062c\u064a\u0629. \u0648\u0628\u0641\u0636\u0644 \u062a\u0635\u0645\u064a\u0645\u0647\u0627 \u0627\u0644\u062e\u0627\u0644\u064a \u0645\u0646 \u0627\u0644\u0645\u0646\u062d\u062f\u0631\u0627\u062a\u060c \u0641\u0625\u0646\u0647\u0627 \u062a\u0648\u0641\u0631 \u0648\u0635\u0648\u0644\u0627\u064b \u0645\u0628\u0627\u0634\u0631\u0627\u064b \u0628\u0634\u0627\u062d\u0646\u0627\u062a \u0627\u0644\u0645\u0646\u0635\u0627\u062a \u0627\u0644\u0646\u0642\u0627\u0644\u0629 \u0648\u062a\u064f\u062d\u0633\u0650\u0651\u0646 \u062a\u062f\u0641\u0642 \u0627\u0644\u0645\u0648\u0627\u062f \u0648\u062a\u0632\u064a\u062f \u0645\u0646 \u0625\u0646\u062a\u0627\u062c\u064a\u0629 \u0627\u0644\u0639\u0645\u0627\u0644\u0629.<\/p>","protected":false},"featured_media":2717,"template":"","meta":{"_acf_changed":false,"inline_featured_image":false,"slim_seo":{"title":"\u0645\u0646\u0635\u0629 \u0627\u0644\u062a\u062d\u0645\u064a\u0644 (\u0645\u0646\u0635\u0629 \u0627\u0633\u062a\u062e\u0631\u0627\u062c \u0627\u0644\u0645\u0648\u0627\u062f)","description":"\u0648\u0647\u064a \u0639\u0628\u0627\u0631\u0629 \u0639\u0646 \u0645\u0646\u0635\u0629 \u0641\u0648\u0644\u0627\u0630\u064a\u0629 \u062a\u0639\u0645\u0644 \u0639\u0644\u0649 \u062a\u0633\u0631\u064a\u0639 \u0646\u0642\u0644 \u0627\u0644\u0645\u0648\u0627\u062f \u0625\u0644\u0649 \u0627\u0644\u0637\u0648\u0627\u0628\u0642 \u0627\u0644\u0639\u0644\u064a\u0627 \u0639\u0646 \u0637\u0631\u064a\u0642 \u0631\u0627\u0641\u0639\u0629 \u0628\u0631\u062c\u064a\u0629 \u0648\u0644\u0647\u0627 \u0647\u064a\u0643\u0644 \u0623\u0631\u0636\u064a \u0635\u0641\u0631\u064a \u0625\u0644\u0649 \u0645\u0633\u062a\u0648\u0649 \u0627\u0644\u0623\u0631\u0636\u064a\u0629."}},"product_brand":[50],"product_cat":[40],"product_tag":[],"class_list":{"0":"post-2755","1":"product","2":"type-product","3":"status-publish","4":"has-post-thumbnail","6":"product_brand-bayrakci-metal","7":"product_cat-yukleme-platformlari","9":"first","10":"instock","11":"shipping-taxable","12":"product-type-simple"},"acf":[],"_links":{"self":[{"href":"https:\/\/santiyedonanimlari.com\/ar\/wp-json\/wp\/v2\/product\/2755","targetHints":{"allow":["GET"]}}],"collection":[{"href":"https:\/\/santiyedonanimlari.com\/ar\/wp-json\/wp\/v2\/product"}],"about":[{"href":"https:\/\/santiyedonanimlari.com\/ar\/wp-json\/wp\/v2\/types\/product"}],"version-history":[{"count":1,"href":"https:\/\/santiyedonanimlari.com\/ar\/wp-json\/wp\/v2\/product\/2755\/revisions"}],"predecessor-version":[{"id":4601,"href":"https:\/\/santiyedonanimlari.com\/ar\/wp-json\/wp\/v2\/product\/2755\/revisions\/4601"}],"wp:featuredmedia":[{"embeddable":true,"href":"https:\/\/santiyedonanimlari.com\/ar\/wp-json\/wp\/v2\/media\/2717"}],"wp:attachment":[{"href":"https:\/\/santiyedonanimlari.com\/ar\/wp-json\/wp\/v2\/media?parent=2755"}],"wp:term":[{"taxonomy":"product_brand","embeddable":true,"href":"https:\/\/santiyedonanimlari.com\/ar\/wp-json\/wp\/v2\/product_brand?post=2755"},{"taxonomy":"product_cat","embeddable":true,"href":"https:\/\/santiyedonanimlari.com\/ar\/wp-json\/wp\/v2\/product_cat?post=2755"},{"taxonomy":"product_tag","embeddable":true,"href":"https:\/\/santiyedonanimlari.com\/ar\/wp-json\/wp\/v2\/product_tag?post=2755"}],"curies":[{"name":"\u062f\u0628\u0644\u064a\u0648 \u0628\u064a","href":"https:\/\/api.w.org\/{rel}","templated":true}]}}